{"id":606,"date":"2018-09-03T09:20:06","date_gmt":"2018-09-03T09:20:06","guid":{"rendered":"http:\/\/localhost\/presentup\/?page_id=16"},"modified":"2021-01-27T03:27:43","modified_gmt":"2021-01-27T02:27:43","slug":"about-us","status":"publish","type":"page","link":"https:\/\/bybanim-events.com\/index.php\/about-us\/","title":{"rendered":"Qui sommes-nous ?"},"content":{"rendered":"<p>[vc_row tm_bgimagefixed=&#8221;&#8221; break_in_responsive=&#8221;991&#8243; full_width=&#8221;stretch_row&#8221; css=&#8221;.vc_custom_1539764522523{padding-bottom: 25px !important;}&#8221; tm_responsive_css=&#8221;59855692|colbreak_no|||||||||colbreak_no|||||||0px||colbreak_no||||||||||colbreak_no|||||||||&#8221;][vc_column]<div class=\"tm-element-heading-wrapper tm-heading-inner tm-element-align-left tm-seperator-none tm-heading-style-vertical tm-overlay-subheading\"><section class=\"tm-vc_cta3-container\"><div class=\"tm-vc_general tm-vc_cta3 tm-cta3-only tm-vc_cta3-style-classic tm-vc_cta3-shape-rounded tm-vc_cta3-align-left tm-vc_cta3-color-transparent tm-vc_cta3-icon-size-md tm-vc_cta3-actions-no tm-cta3-with-desc\"><div class=\"tm-vc_cta3_content-container\"><div class=\"tm-vc_cta3-content\"><header class=\"tm-vc_cta3-content-header tm-wrap\"><div class=\"tm-vc_cta3-headers tm-wrap-cell\"><h4 class=\"tm-custom-heading \" >BIENVENUE<\/h4>\n<h2 class=\"tm-custom-heading \" >Qui sommes-nous ?<\/h2>\n<\/div><div class=\"heading-seperator\"><span><\/span><\/div><\/header><div class=\"tm-cta3-content-wrapper\">\n<h4 style=\"text-align: center;\"><strong>Nos valeurs\u00a0?<\/strong><\/h4>\n<p style=\"text-align: center;\"><span style=\"color: #33cccc;\"><strong>AMBITION<\/strong><\/span><\/p>\n<p style=\"text-align: center;\"><span style=\"color: #993366;\"><strong>RESPECT<\/strong><\/span><\/p>\n<p style=\"text-align: center;\"><span style=\"color: #ff0000;\"><strong>BIENVEILLANCE<\/strong><\/span><\/p>\n<p style=\"text-align: center;\"><span style=\"color: #993300;\"><strong>ENGAGEMENT<\/strong><\/span><\/p>\n<p style=\"text-align: center;\"><span style=\"color: #ffcc00;\"><strong>EXCELLENCE<\/strong><\/span><\/p>\n<p style=\"text-align: center;\"><span style=\"color: #ff00ff;\"><strong>ESPRIT D\u2019\u00c9QUIPE<\/strong><\/span><\/p>\n<p style=\"text-align: center;\"><strong><em>Tant de savoir-faire et savoir-\u00eatre qui sont indispensables \u00e0 la cr\u00e9ation de nos prestations.<\/em><\/strong><\/p>\n<p>&nbsp;<\/p>\n<p><span style=\"color: #800080;\"><strong>Bamby Bouvet<\/strong><\/span><\/p>\n<p><strong>Cr\u00e9atrice et PDG de la soci\u00e9t\u00e9<\/strong><br \/>\n<strong><em>Bybanim Events<\/em><\/strong> et <strong><em>BybArtist Talents<\/em><\/strong><\/p>\n<p>Directrice artistique et professeure de danse (DE) depuis plus 20 ans d\u2019une \u00e9cole de com\u00e9die musicale.<br \/>\nCr\u00e9atrice de l\u2019\u00e9cole de com\u00e9die musicale <a href=\"https:\/\/www.stelinat-dance.com\/\"><strong><em>St\u00e9linat Dance<\/em><\/strong><\/a> \u00e0 Ruoms (07) Chor\u00e9graphe et metteuse en sc\u00e8ne de plusieurs spectacles chaque ann\u00e9e.<\/p>\n<p>Constamment en qu\u00eate d&#8217;excellence et de qualit\u00e9, un parcours riche en exp\u00e9riences et en rencontres, Bamby \u00e0 su mettre sa passion et sa rigueur en lumi\u00e8re avec Bybanim Events.<\/p>\n<p><em><strong>Install\u00e9e depuis plus de vingt ans dans le sud de l\u2019Ard\u00e8che, responsable d\u2019animation pendant quinze ann\u00e9es.<\/strong><\/em><\/p>\n<p>&nbsp;<\/p>\n<p><span style=\"color: #800080;\"><strong>Agathe Chanon<\/strong><\/span><\/p>\n<p><strong>Assistante de direction<\/strong><\/p>\n<p>Sp\u00e9cialis\u00e9e dans le marketing et la production \u00e9v\u00e8nementielle.<br \/>\nCommunication, recrutement, conseil, lien avec les fournisseurs \u00e9v\u00e8nementiel, organisation et cr\u00e9ation d\u2019\u00e9v\u00e8nements.<\/p>\n<p>&nbsp;<\/p>\n<p><strong>De la p\u00e9riode d\u2019Avril \u00e0 Septembre l\u2019\u00e9quipe s\u2019agrandit avec\u00a0:<\/strong><\/p>\n<ul>\n<li>Coordinateurs animation et artistique<\/li>\n<li>Equipes d\u2019animateurs et d\u2019anim-artistes<\/li>\n<li>Captains Anim<\/li>\n<li>Captains Kids<\/li>\n<li>Captains Night<\/li>\n<li>Artistes professionnels itin\u00e9rants (<strong><em>BybArtist Talents<\/em><\/strong>)<\/li>\n<li>Techniciens Spectacles<\/li>\n<li>Couturi\u00e8res, secr\u00e9taires, manutentionnaires, \u2026<\/li>\n<\/ul>\n<p><\/div><\/div><\/div><\/div><\/section><\/div> <!-- .tm-element-heading-wrapper container --> [\/vc_column][\/vc_row]<\/p>\n","protected":false},"excerpt":{"rendered":"<p>[vc_row tm_bgimagefixed=&#8221;&#8221; break_in_responsive=&#8221;991&#8243; full_width=&#8221;stretch_row&#8221; css=&#8221;.vc_custom_1539764522523{padding-bottom: 25px !important;}&#8221; tm_responsive_css=&#8221;59855692|colbreak_no|||||||||colbreak_no|||||||0px||colbreak_no||||||||||colbreak_no|||||||||&#8221;][vc_column][\/vc_column][\/vc_row]<\/p>\n","protected":false},"author":1,"featured_media":0,"parent":0,"menu_order":5,"comment_status":"closed","ping_status":"closed","template":"","meta":[],"_links":{"self":[{"href":"https:\/\/bybanim-events.com\/index.php\/wp-json\/wp\/v2\/pages\/606"}],"collection":[{"href":"https:\/\/bybanim-events.com\/index.php\/wp-json\/wp\/v2\/pages"}],"about":[{"href":"https:\/\/bybanim-events.com\/index.php\/wp-json\/wp\/v2\/types\/page"}],"author":[{"embeddable":true,"href":"https:\/\/bybanim-events.com\/index.php\/wp-json\/wp\/v2\/users\/1"}],"replies":[{"embeddable":true,"href":"https:\/\/bybanim-events.com\/index.php\/wp-json\/wp\/v2\/comments?post=606"}],"version-history":[{"count":12,"href":"https:\/\/bybanim-events.com\/index.php\/wp-json\/wp\/v2\/pages\/606\/revisions"}],"predecessor-version":[{"id":5277,"href":"https:\/\/bybanim-events.com\/index.php\/wp-json\/wp\/v2\/pages\/606\/revisions\/5277"}],"wp:attachment":[{"href":"https:\/\/bybanim-events.com\/index.php\/wp-json\/wp\/v2\/media?parent=606"}],"curies":[{"name":"wp","href":"https:\/\/api.w.org\/{rel}","templated":true}]}}