{"id":5185,"date":"2021-01-18T03:15:59","date_gmt":"2021-01-18T02:15:59","guid":{"rendered":"http:\/\/bybanim-events.com\/?page_id=5185"},"modified":"2021-01-19T15:44:23","modified_gmt":"2021-01-19T14:44:23","slug":"location-materiel","status":"publish","type":"page","link":"https:\/\/bybanim-events.com\/index.php\/location-materiel\/","title":{"rendered":"Location"},"content":{"rendered":"<p>[vc_row][vc_column]<div class=\"tm-element-heading-wrapper tm-heading-inner tm-element-align-left tm-seperator-none tm-heading-style-vertical tm-overlay-subheading\"><section class=\"tm-vc_cta3-container\"><div class=\"tm-vc_general tm-vc_cta3 tm-cta3-only tm-vc_cta3-style-classic tm-vc_cta3-shape-rounded tm-vc_cta3-align-left tm-vc_cta3-color-transparent tm-vc_cta3-icon-size-md tm-vc_cta3-actions-no tm-cta3-with-desc\"><div class=\"tm-vc_cta3_content-container\"><div class=\"tm-vc_cta3-content\"><header class=\"tm-vc_cta3-content-header tm-wrap\"><div class=\"tm-vc_cta3-headers tm-wrap-cell\"><h2 class=\"tm-custom-heading \" >Location<\/h2>\n<\/div><div class=\"heading-seperator\"><span><\/span><\/div><\/header><div class=\"tm-cta3-content-wrapper\"><p>Louez tout le mat\u00e9riel n\u00e9cessaire pour vos \u00e9v\u00e8nements.<\/p><\/div><\/div><\/div><\/div><\/section><\/div> <!-- .tm-element-heading-wrapper container --> [vc_row_inner equal_height=&#8221;yes&#8221; content_placement=&#8221;middle&#8221;][vc_column_inner width=&#8221;1\/3&#8243; css=&#8221;.vc_custom_1611058161491{padding-right: 0px !important;padding-left: 0px !important;}&#8221;][vc_single_image image=&#8221;5186&#8243; img_size=&#8221;large&#8221; alignment=&#8221;center&#8221;]<div class=\"tm-sbox tm-sbox-iconalign-top-center none tm-sbox-bgcolor-transparent tm-bgcolor-transparent tm-sbox-textcolor- tm-textcolor- tm-sbox-isize-md tm-sbox-isize-md tm-sbox-istyle-none  tm-sbox-heading-only tm-hide-sbox-icon\"><section class=\"tm-vc_cta3-container\"><div class=\"tm-vc_general tm-vc_cta3 tm-vc_cta3-align-left tm-vc_cta3-icon-size-md tm-vc_cta3-icons-top tm-vc_cta3-actions-bottom\"><div class=\"tm-vc_cta3-icons tm-wrap-cell\"><div class=\"tm-vc_icon_element tm-vc_icon_element-outer tm-vc_icon_element-align-left \"><div class=\"tm-vc_icon_element-inner  tm-vc_icon_element-color-skincolor tm-vc_icon_element-size-md tm-vc_icon_element-style-none tm-vc_icon_element-background-color-grey\" ><span class=\"tm-vc_icon_element-icon flaticon-honey\" ><\/span><\/div><\/div><\/div><div class=\"tm-vc_cta3_content-container\"><div class=\"tm-vc_cta3-content\"><div class=\"tm-vc_cta3-content-header tm-wrap\"><div class=\"tm-vc_cta3-headers tm-wrap-cell\"><h2 class=\"tm-custom-heading \" >Costumes et accessoires<\/h2>\n<\/div><\/div><\/div><div class=\"tm-cta3-desc-btn-wrapper\"><div class=\"tm-cta3-description\"><div class=\"tm-cta3-content-wrapper\">\n<p style=\"text-align: center;\">D\u00e9couvrez une large s\u00e9lection de costumes et d\u2019accessoires \u00e0 travers diff\u00e9rentes th\u00e9matiques et \u00e9poques.<\/p>\n<p style=\"text-align: center;\">D\u00e9couvrez notre catalogue<\/p>\n<p><\/div><\/div>\n\t\t<div class=\"tm-vc_btn3-container tm-vc_btn3-inline\"><a class=\"tm-vc_general tm-vc_btn3 tm-vc_btn3-size-lg tm-vc_btn3-shape-round tm-vc_btn3-style-text tm-vc_btn3-weight-yes tm-vc_btn3-color-skincolor\" href=\"http:\/\/bybanim-events.com\/index.php\/costumes-et-accessoires\/\" title=\"Catalogue organisations des events\">Cliquez ici<\/a><\/div><\/div><\/div><\/div><\/section><\/div>[\/vc_column_inner][vc_column_inner tm_bgcolor=&#8221;grey&#8221; width=&#8221;1\/3&#8243; css=&#8221;.vc_custom_1611058154843{padding-right: 0px !important;padding-left: 0px !important;}&#8221;][vc_single_image image=&#8221;5267&#8243; img_size=&#8221;large&#8221; alignment=&#8221;center&#8221;]<div class=\"tm-sbox tm-sbox-iconalign-top-center none tm-sbox-bgcolor-transparent tm-bgcolor-transparent tm-sbox-textcolor- tm-textcolor- tm-sbox-isize-md tm-sbox-isize-md tm-sbox-istyle-none  tm-sbox-heading-only tm-hide-sbox-icon\"><section class=\"tm-vc_cta3-container\"><div class=\"tm-vc_general tm-vc_cta3 tm-vc_cta3-align-left tm-vc_cta3-icon-size-md tm-vc_cta3-icons-top tm-vc_cta3-actions-bottom\"><div class=\"tm-vc_cta3-icons tm-wrap-cell\"><div class=\"tm-vc_icon_element tm-vc_icon_element-outer tm-vc_icon_element-align-left \"><div class=\"tm-vc_icon_element-inner  tm-vc_icon_element-color-skincolor tm-vc_icon_element-size-md tm-vc_icon_element-style-none tm-vc_icon_element-background-color-grey\" ><span class=\"tm-vc_icon_element-icon flaticon-honey\" ><\/span><\/div><\/div><\/div><div class=\"tm-vc_cta3_content-container\"><div class=\"tm-vc_cta3-content\"><div class=\"tm-vc_cta3-content-header tm-wrap\"><div class=\"tm-vc_cta3-headers tm-wrap-cell\"><h2 class=\"tm-custom-heading \" >Mat\u00e9riel<\/h2>\n<\/div><\/div><\/div><div class=\"tm-cta3-desc-btn-wrapper\"><div class=\"tm-cta3-description\"><div class=\"tm-cta3-content-wrapper\">\n<p style=\"text-align: center;\">D\u00e9couvrez notre catalogue de mat\u00e9riel pour faire de vos \u00e9v\u00e8nement une exp\u00e9rience unique\u2026<\/p>\n<p><\/div><\/div>\n\t\t<div class=\"tm-vc_btn3-container tm-vc_btn3-inline\"><a class=\"tm-vc_general tm-vc_btn3 tm-vc_btn3-size-lg tm-vc_btn3-shape-round tm-vc_btn3-style-text tm-vc_btn3-weight-yes tm-vc_btn3-color-skincolor\" href=\"http:\/\/bybanim-events.com\/index.php\/materiel\/\" title=\"Notre s\u00e9lection coup de c\u0153ur\u2026\">Cliquez ici<\/a><\/div><\/div><\/div><\/div><\/section><\/div>[\/vc_column_inner][vc_column_inner width=&#8221;1\/3&#8243; css=&#8221;.vc_custom_1611058167187{padding-right: 0px !important;padding-left: 0px !important;}&#8221;][vc_single_image image=&#8221;5266&#8243; img_size=&#8221;large&#8221; alignment=&#8221;center&#8221;]<div class=\"tm-sbox tm-sbox-iconalign-top-center none tm-sbox-bgcolor-transparent tm-bgcolor-transparent tm-sbox-textcolor- tm-textcolor- tm-sbox-isize-md tm-sbox-isize-md tm-sbox-istyle-none  tm-sbox-heading-only tm-hide-sbox-icon\"><section class=\"tm-vc_cta3-container\"><div class=\"tm-vc_general tm-vc_cta3 tm-vc_cta3-align-left tm-vc_cta3-icon-size-md tm-vc_cta3-icons-top tm-vc_cta3-actions-bottom\"><div class=\"tm-vc_cta3-icons tm-wrap-cell\"><div class=\"tm-vc_icon_element tm-vc_icon_element-outer tm-vc_icon_element-align-left \"><div class=\"tm-vc_icon_element-inner  tm-vc_icon_element-color-skincolor tm-vc_icon_element-size-md tm-vc_icon_element-style-none tm-vc_icon_element-background-color-grey\" ><span class=\"tm-vc_icon_element-icon flaticon-honey\" ><\/span><\/div><\/div><\/div><div class=\"tm-vc_cta3_content-container\"><div class=\"tm-vc_cta3-content\"><div class=\"tm-vc_cta3-content-header tm-wrap\"><div class=\"tm-vc_cta3-headers tm-wrap-cell\"><h2 class=\"tm-custom-heading \" >D\u00e9cors<\/h2>\n<\/div><\/div><\/div><div class=\"tm-cta3-desc-btn-wrapper\"><div class=\"tm-cta3-description\"><div class=\"tm-cta3-content-wrapper\">\n<p style=\"text-align: center;\">Vous avez besoin de cr\u00e9er un univers Vintage ou Fantastique ?<\/p>\n<p style=\"text-align: center;\">D\u00e9couvrez notre catalogue de d\u00e9cors\u2026<\/p>\n<p><\/div><\/div>\n\t\t<div class=\"tm-vc_btn3-container tm-vc_btn3-inline\"><a class=\"tm-vc_general tm-vc_btn3 tm-vc_btn3-size-lg tm-vc_btn3-shape-round tm-vc_btn3-style-text tm-vc_btn3-weight-yes tm-vc_btn3-color-skincolor\" href=\"http:\/\/bybanim-events.com\/index.php\/decors\/\" title=\"Notre s\u00e9lection coup de c\u0153ur\u2026\">Cliquez ici<\/a><\/div><\/div><\/div><\/div><\/section><\/div>[\/vc_column_inner][\/vc_row_inner][\/vc_column][\/vc_row]<\/p>\n","protected":false},"excerpt":{"rendered":"<p>[vc_row][vc_column][vc_row_inner equal_height=&#8221;yes&#8221; content_placement=&#8221;middle&#8221;][vc_column_inner width=&#8221;1\/3&#8243; css=&#8221;.vc_custom_1611058161491{padding-right: 0px !important;padding-left: 0px !important;}&#8221;][vc_single_image image=&#8221;5186&#8243; img_size=&#8221;large&#8221; alignment=&#8221;center&#8221;][\/vc_column_inner][vc_column_inner tm_bgcolor=&#8221;grey&#8221; width=&#8221;1\/3&#8243; css=&#8221;.vc_custom_1611058154843{padding-right: 0px !important;padding-left: 0px !important;}&#8221;][vc_single_image image=&#8221;5267&#8243; img_size=&#8221;large&#8221; alignment=&#8221;center&#8221;][\/vc_column_inner][vc_column_inner width=&#8221;1\/3&#8243; css=&#8221;.vc_custom_1611058167187{padding-right: 0px !important;padding-left: 0px !important;}&#8221;][vc_single_image image=&#8221;5266&#8243; img_size=&#8221;large&#8221; &hellip; <a href=\"https:\/\/bybanim-events.com\/index.php\/location-materiel\/\" class=\"more-link\">Continue reading <span class=\"screen-reader-text\">Location<\/span><\/a><\/p>\n","protected":false},"author":1,"featured_media":0,"parent":0,"menu_order":0,"comment_status":"closed","ping_status":"closed","template":"","meta":[],"_links":{"self":[{"href":"https:\/\/bybanim-events.com\/index.php\/wp-json\/wp\/v2\/pages\/5185"}],"collection":[{"href":"https:\/\/bybanim-events.com\/index.php\/wp-json\/wp\/v2\/pages"}],"about":[{"href":"https:\/\/bybanim-events.com\/index.php\/wp-json\/wp\/v2\/types\/page"}],"author":[{"embeddable":true,"href":"https:\/\/bybanim-events.com\/index.php\/wp-json\/wp\/v2\/users\/1"}],"replies":[{"embeddable":true,"href":"https:\/\/bybanim-events.com\/index.php\/wp-json\/wp\/v2\/comments?post=5185"}],"version-history":[{"count":10,"href":"https:\/\/bybanim-events.com\/index.php\/wp-json\/wp\/v2\/pages\/5185\/revisions"}],"predecessor-version":[{"id":5269,"href":"https:\/\/bybanim-events.com\/index.php\/wp-json\/wp\/v2\/pages\/5185\/revisions\/5269"}],"wp:attachment":[{"href":"https:\/\/bybanim-events.com\/index.php\/wp-json\/wp\/v2\/media?parent=5185"}],"curies":[{"name":"wp","href":"https:\/\/api.w.org\/{rel}","templated":true}]}}