{"id":5160,"date":"2021-01-18T02:31:56","date_gmt":"2021-01-18T01:31:56","guid":{"rendered":"http:\/\/bybanim-events.com\/?page_id=5160"},"modified":"2021-12-13T11:47:44","modified_gmt":"2021-12-13T10:47:44","slug":"showpro","status":"publish","type":"page","link":"https:\/\/bybanim-events.com\/index.php\/showpro\/","title":{"rendered":"ShowPro"},"content":{"rendered":"<p>[vc_row][vc_column]<div class=\"tm-element-heading-wrapper tm-heading-inner tm-element-align-left tm-seperator-none tm-heading-style-vertical tm-overlay-subheading\"><section class=\"tm-vc_cta3-container\"><div class=\"tm-vc_general tm-vc_cta3 tm-cta3-only tm-vc_cta3-style-classic tm-vc_cta3-shape-rounded tm-vc_cta3-align-left tm-vc_cta3-color-transparent tm-vc_cta3-icon-size-md tm-vc_cta3-actions-no tm-cta3-without-desc\"><div class=\"tm-vc_cta3_content-container\"><div class=\"tm-vc_cta3-content\"><header class=\"tm-vc_cta3-content-header tm-wrap\"><div class=\"tm-vc_cta3-headers tm-wrap-cell\"><h2 class=\"tm-custom-heading \" >ShowPro<\/h2>\n<\/div><div class=\"heading-seperator\"><span><\/span><\/div><\/header><\/div><\/div><\/div><\/section><\/div> <!-- .tm-element-heading-wrapper container --> <div class=\"tm-sbox tm-sbox-iconalign-left-spacing none tm-sbox-bgcolor-transparent tm-bgcolor-transparent tm-sbox-textcolor- tm-textcolor- tm-sbox-isize-md tm-sbox-isize-md tm-sbox-istyle-none  tm-sbox-heading-only\"><section class=\"tm-vc_cta3-container\"><div class=\"tm-vc_general tm-vc_cta3 tm-vc_cta3-align-left tm-vc_cta3-icon-size-md tm-vc_cta3-icons-left tm-vc_cta3-actions-no\"><div class=\"tm-vc_cta3-icons tm-wrap-cell\"><div class=\"tm-vc_icon_element tm-vc_icon_element-outer tm-vc_icon_element-align-left \"><div class=\"tm-vc_icon_element-inner  tm-vc_icon_element-color-skincolor tm-vc_icon_element-size-md tm-vc_icon_element-style-none tm-vc_icon_element-background-color-grey\" ><span class=\"tm-vc_icon_element-icon fa fa-chevron-right\" ><\/span><\/div><\/div><\/div><div class=\"tm-vc_cta3_content-container\"><div class=\"tm-vc_cta3-content\"><div class=\"tm-vc_cta3-content-header tm-wrap\"><div class=\"tm-vc_cta3-headers tm-wrap-cell\"><h2 class=\"tm-custom-heading \" >\u00ab THE GREATEST SHOW \u00bb<\/h2>\n<\/div><\/div><\/div><div class=\"tm-cta3-desc-btn-wrapper\"><div class=\"tm-cta3-description\"><div class=\"tm-cta3-content-wrapper\"><p>\u00ab The Greatest Show \u00bb, la suite. Une formidable extension du Big Show \u00ab Greatest \u00bb. Venez-vous \u00e9merveiller sous le chapiteau de la troupe Bybartist. Des chansons iconiques, des num\u00e9ros a\u00e9riens \u00e9poustouflants.<\/p><\/div><\/div><\/div><\/div><\/div><\/section><\/div>[vc_video link=&#8221;https:\/\/www.youtube.com\/watch?v=YWP1c2prBAc&#8221;][vc_media_grid grid_id=&#8221;vc_gid:1639392457555-b3de6435-6524-8&#8243; include=&#8221;5029,5030,5031,5032,5033,5034&#8243;]<div class=\"tm-sbox tm-sbox-iconalign-left-spacing none tm-sbox-bgcolor-transparent tm-bgcolor-transparent tm-sbox-textcolor- tm-textcolor- tm-sbox-isize-md tm-sbox-isize-md tm-sbox-istyle-none vc_custom_1610933848977 tm-sbox-heading-only\"><section class=\"tm-vc_cta3-container\"><div class=\"tm-vc_general tm-vc_cta3 tm-vc_cta3-align-left tm-vc_cta3-icon-size-md tm-vc_cta3-icons-left tm-vc_cta3-actions-no\"><div class=\"tm-vc_cta3-icons tm-wrap-cell\"><div class=\"tm-vc_icon_element tm-vc_icon_element-outer tm-vc_icon_element-align-left \"><div class=\"tm-vc_icon_element-inner  tm-vc_icon_element-color-skincolor tm-vc_icon_element-size-md tm-vc_icon_element-style-none tm-vc_icon_element-background-color-grey\" ><span class=\"tm-vc_icon_element-icon fa fa-chevron-right\" ><\/span><\/div><\/div><\/div><div class=\"tm-vc_cta3_content-container\"><div class=\"tm-vc_cta3-content\"><div class=\"tm-vc_cta3-content-header tm-wrap\"><div class=\"tm-vc_cta3-headers tm-wrap-cell\"><h2 class=\"tm-custom-heading \" >\u00ab IMMORTAL MUSIC JACKSON \u00bb<\/h2>\n<\/div><\/div><\/div><div class=\"tm-cta3-desc-btn-wrapper\"><div class=\"tm-cta3-description\"><div class=\"tm-cta3-content-wrapper\"><p>La troupe Bybartist reprend les plus grands titres de la star mondiale Mickael Jackson, vous plongerez dans l\u2019univers musical et chor\u00e9graphique de l\u2019artiste. Laissez la troupe vous faire revivre la l\u00e9gende par leur talent et leur \u00e9nergie.<\/p>\n<p><em>Ce Show peut \u00eatre propos\u00e9 avec ou sans sosie.<\/em><\/p><\/div><\/div><\/div><\/div><\/div><\/section><\/div>[vc_video link=&#8221;https:\/\/youtu.be\/sniIqT2_gW4&#8243;][vc_media_grid grid_id=&#8221;vc_gid:1639392457565-f0ce664a-6ab9-2&#8243; include=&#8221;5024,5025,5026,5027,5028&#8243;]<div class=\"tm-element-heading-wrapper tm-heading-inner tm-element-align-left tm-seperator-none tm-heading-style-vertical tm-overlay-subheading\"><section class=\"tm-vc_cta3-container\"><div class=\"tm-vc_general tm-vc_cta3 tm-cta3-only tm-vc_cta3-style-classic tm-vc_cta3-shape-rounded tm-vc_cta3-align-left tm-vc_cta3-color-transparent tm-vc_cta3-icon-size-md tm-vc_cta3-actions-no tm-cta3-without-desc\"><div class=\"tm-vc_cta3_content-container\"><div class=\"tm-vc_cta3-content\"><header class=\"tm-vc_cta3-content-header tm-wrap\"><div class=\"tm-vc_cta3-headers tm-wrap-cell\"><h2 class=\"tm-custom-heading \" >ShowPro Nouveaut\u00e9s 2021<\/h2>\n<\/div><div class=\"heading-seperator\"><span><\/span><\/div><\/header><\/div><\/div><\/div><\/section><\/div> <!-- .tm-element-heading-wrapper container --> <div class=\"tm-sbox tm-sbox-iconalign-left-spacing none tm-sbox-bgcolor-transparent tm-bgcolor-transparent tm-sbox-textcolor- tm-textcolor- tm-sbox-isize-md tm-sbox-isize-md tm-sbox-istyle-none  tm-sbox-heading-only\"><section class=\"tm-vc_cta3-container\"><div class=\"tm-vc_general tm-vc_cta3 tm-vc_cta3-align-left tm-vc_cta3-icon-size-md tm-vc_cta3-icons-left tm-vc_cta3-actions-no\"><div class=\"tm-vc_cta3-icons tm-wrap-cell\"><div class=\"tm-vc_icon_element tm-vc_icon_element-outer tm-vc_icon_element-align-left \"><div class=\"tm-vc_icon_element-inner  tm-vc_icon_element-color-skincolor tm-vc_icon_element-size-md tm-vc_icon_element-style-none tm-vc_icon_element-background-color-grey\" ><span class=\"tm-vc_icon_element-icon fa fa-chevron-right\" ><\/span><\/div><\/div><\/div><div class=\"tm-vc_cta3_content-container\"><div class=\"tm-vc_cta3-content\"><div class=\"tm-vc_cta3-content-header tm-wrap\"><div class=\"tm-vc_cta3-headers tm-wrap-cell\"><h2 class=\"tm-custom-heading \" >\u00ab MOVIN' OUT \u00bb<\/h2>\n<\/div><\/div><\/div><div class=\"tm-cta3-desc-btn-wrapper\"><div class=\"tm-cta3-description\"><div class=\"tm-cta3-content-wrapper\"><p>Manhattan, 2050. Le couple de hors-la-loi, Betty et Roy, continue de s\u00e9vir dans toute l\u2019Am\u00e9rique. Un cambriolage risqu\u00e9 \u00e0 Wall Street va tourner au drame et s\u00e9parer le duo. Entre incarc\u00e9ration et cavale, les deux protagonistes vont sans cesse \u00eatre mis au d\u00e9fi. Amiti\u00e9, amour, passion, libert\u00e9. Le spectacle doit continuer\u2026 Soyez-pr\u00eats.<\/p><\/div><\/div><\/div><\/div><\/div><\/section><\/div>[vc_video link=&#8221;https:\/\/www.youtube.com\/watch?v=IzUe524gXk4&#8243;]<div class=\"tm-sbox tm-sbox-iconalign-left-spacing none tm-sbox-bgcolor-transparent tm-bgcolor-transparent tm-sbox-textcolor- tm-textcolor- tm-sbox-isize-md tm-sbox-isize-md tm-sbox-istyle-none vc_custom_1610933927013 tm-sbox-heading-only\"><section class=\"tm-vc_cta3-container\"><div class=\"tm-vc_general tm-vc_cta3 tm-vc_cta3-align-left tm-vc_cta3-icon-size-md tm-vc_cta3-icons-left tm-vc_cta3-actions-no\"><div class=\"tm-vc_cta3-icons tm-wrap-cell\"><div class=\"tm-vc_icon_element tm-vc_icon_element-outer tm-vc_icon_element-align-left \"><div class=\"tm-vc_icon_element-inner  tm-vc_icon_element-color-skincolor tm-vc_icon_element-size-md tm-vc_icon_element-style-none tm-vc_icon_element-background-color-grey\" ><span class=\"tm-vc_icon_element-icon fa fa-chevron-right\" ><\/span><\/div><\/div><\/div><div class=\"tm-vc_cta3_content-container\"><div class=\"tm-vc_cta3-content\"><div class=\"tm-vc_cta3-content-header tm-wrap\"><div class=\"tm-vc_cta3-headers tm-wrap-cell\"><h2 class=\"tm-custom-heading \" >\u00ab LE BOUCAN \u00bb<\/h2>\n<\/div><\/div><\/div><div class=\"tm-cta3-desc-btn-wrapper\"><div class=\"tm-cta3-description\"><div class=\"tm-cta3-content-wrapper\"><p>Le Boucan, c\u2019est un lieu o\u00f9 votre \u00e2ge, votre rang, ou m\u00eame votre \u00e9poque, n\u2019est pas pris en compte.<\/p>\n<p>Un endroit, suspendu dans le temps, o\u00f9 les plus grands artistes de Cabaret aiment se retrouver. Un lieu intemporel, o\u00f9 toutes les \u00e9poques se croisent et se confondent. Le temps y devient une notion abstraite et la magie semble soudainement op\u00e9rer. L\u2019\u00e9l\u00e9gance s\u2019empare de l\u2019extravagance, quand les gentlemans s\u2019abandonnent \u00e0 la loufoquerie.<\/p>\n<p>Cet air mystique de music-hall va \u00eatre perturb\u00e9 suite \u00e0 la disparition d\u2019un artiste. Le d\u00e9tective en charge de l\u2019enqu\u00eate va devoir plonger \u00e0 corps perdu dans les d\u00e9rives de l\u2019outrance.<\/p>\n<p>Tenez votre haut de forme bien en mains, et entrez dans l\u2019univers d\u00e9cadent du Boucan.<\/p><\/div><\/div><\/div><\/div><\/div><\/section><\/div>[vc_video link=&#8221;https:\/\/www.youtube.com\/watch?v=5j0nMOClw2o&#8221;][\/vc_column][\/vc_row]<\/p>\n","protected":false},"excerpt":{"rendered":"<p>[vc_row][vc_column][vc_video link=&#8221;https:\/\/www.youtube.com\/watch?v=YWP1c2prBAc&#8221;][vc_media_grid grid_id=&#8221;vc_gid:1639392457555-b3de6435-6524-8&#8243; include=&#8221;5029,5030,5031,5032,5033,5034&#8243;][vc_video link=&#8221;https:\/\/youtu.be\/sniIqT2_gW4&#8243;][vc_media_grid grid_id=&#8221;vc_gid:1639392457565-f0ce664a-6ab9-2&#8243; include=&#8221;5024,5025,5026,5027,5028&#8243;][vc_video link=&#8221;https:\/\/www.youtube.com\/watch?v=IzUe524gXk4&#8243;][vc_video link=&#8221;https:\/\/www.youtube.com\/watch?v=5j0nMOClw2o&#8221;][\/vc_column][\/vc_row]<\/p>\n","protected":false},"author":1,"featured_media":0,"parent":0,"menu_order":0,"comment_status":"closed","ping_status":"closed","template":"","meta":[],"_links":{"self":[{"href":"https:\/\/bybanim-events.com\/index.php\/wp-json\/wp\/v2\/pages\/5160"}],"collection":[{"href":"https:\/\/bybanim-events.com\/index.php\/wp-json\/wp\/v2\/pages"}],"about":[{"href":"https:\/\/bybanim-events.com\/index.php\/wp-json\/wp\/v2\/types\/page"}],"author":[{"embeddable":true,"href":"https:\/\/bybanim-events.com\/index.php\/wp-json\/wp\/v2\/users\/1"}],"replies":[{"embeddable":true,"href":"https:\/\/bybanim-events.com\/index.php\/wp-json\/wp\/v2\/comments?post=5160"}],"version-history":[{"count":20,"href":"https:\/\/bybanim-events.com\/index.php\/wp-json\/wp\/v2\/pages\/5160\/revisions"}],"predecessor-version":[{"id":5300,"href":"https:\/\/bybanim-events.com\/index.php\/wp-json\/wp\/v2\/pages\/5160\/revisions\/5300"}],"wp:attachment":[{"href":"https:\/\/bybanim-events.com\/index.php\/wp-json\/wp\/v2\/media?parent=5160"}],"curies":[{"name":"wp","href":"https:\/\/api.w.org\/{rel}","templated":true}]}}