{"id":4900,"date":"2020-12-18T16:44:53","date_gmt":"2020-12-18T15:44:53","guid":{"rendered":"http:\/\/bybanim-events.com\/?page_id=4900"},"modified":"2021-01-19T11:49:14","modified_gmt":"2021-01-19T10:49:14","slug":"recrutement","status":"publish","type":"page","link":"https:\/\/bybanim-events.com\/index.php\/recrutement\/","title":{"rendered":"Recrutement"},"content":{"rendered":"<p>[vc_row][vc_column]<div class=\"tm-element-heading-wrapper tm-heading-inner tm-element-align-left tm-seperator-none tm-heading-style-vertical tm-overlay-subheading\"><section class=\"tm-vc_cta3-container\"><div class=\"tm-vc_general tm-vc_cta3 tm-cta3-only tm-vc_cta3-style-classic tm-vc_cta3-shape-rounded tm-vc_cta3-align-left tm-vc_cta3-color-transparent tm-vc_cta3-icon-size-md tm-vc_cta3-actions-no tm-cta3-with-desc\"><div class=\"tm-vc_cta3_content-container\"><div class=\"tm-vc_cta3-content\"><header class=\"tm-vc_cta3-content-header tm-wrap\"><div class=\"tm-vc_cta3-headers tm-wrap-cell\"><h4 class=\"tm-custom-heading \" >VOS PROFILS<\/h4>\n<h2 class=\"tm-custom-heading \" >Recrutement<\/h2>\n<\/div><div class=\"heading-seperator\"><span><\/span><\/div><\/header><div class=\"tm-cta3-content-wrapper\"><p><strong><em>Vous avez envie de vous joindre \u00e0 l\u2019aventure Bybanim Events\u00a0?<\/em><\/strong><\/p>\n<p>Nous sommes \u00e0 la recherche de diff\u00e9rents profils\u00a0:<\/p>\n<ul>\n<li style=\"list-style-type: none;\">\n<ul>\n<li><span style=\"color: #ff0000;\"><strong>Captain Anim<\/strong><\/span>: R\u00e9f\u00e9rent(e) de l\u2018\u00e9quipe d\u2019animation (entre 5 et 12 animateurs). Pr\u00e9parer les programmes, manager une \u00e9quipe, prise de micro et aisance sur sc\u00e8ne. Exp\u00e9rience et anglais confirm\u00e9 indispensables.<\/li>\n<\/ul>\n<\/li>\n<\/ul>\n<ul>\n<li style=\"list-style-type: none;\">\n<ul>\n<li><span style=\"color: #ff6600;\"><strong>Captain Kids<\/strong><\/span>: R\u00e9f\u00e9rent(e) de l\u2018\u00e9quipe Kids (entre 1 et 4 personnes). Seconder le Captain Anim. Exp\u00e9rience et bon anglais indispensables.<\/li>\n<\/ul>\n<\/li>\n<\/ul>\n<ul>\n<li style=\"list-style-type: none;\">\n<ul>\n<li><span style=\"color: #800080;\"><strong>Captain Night<\/strong><\/span>: R\u00e9f\u00e9rent(e) des spectacles animateurs de Bybanim Events. Apprendre le show \u00e0 l\u2019\u00e9quipe d\u2019animation, gestion des d\u00e9cors, des bandes sons et des costumes. Participation active \u00e0 la cr\u00e9ation des Welcome Show. Un profil artistique confirm\u00e9 est demand\u00e9.<\/li>\n<\/ul>\n<\/li>\n<\/ul>\n<ul>\n<li style=\"list-style-type: none;\">\n<ul>\n<li><strong><span style=\"color: #800080;\">Anim<\/span> &#8211; <span style=\"color: #ff6600;\">Artiste\u00a0<\/span>: <\/strong>Animateur avec talent artistique (cirque, a\u00e9rien, feu, chant, danse, accropbaties, \u2026). Animer la journ\u00e9e et mettre son talent sur sc\u00e8ne les soirs.<\/li>\n<\/ul>\n<\/li>\n<\/ul>\n<ul>\n<li style=\"list-style-type: none;\">\n<ul>\n<li><strong><span style=\"color: #0000ff;\">Anim<\/span> <span style=\"color: #339966;\">G\u00e9n\u00e9ral<\/span><\/strong>: Animateur(trice)s polyvalent<\/li>\n<\/ul>\n<\/li>\n<\/ul>\n<ul>\n<li style=\"list-style-type: none;\">\n<ul>\n<li><span style=\"color: #0000ff;\"><strong>Anim Sport Co<\/strong><\/span>: des animateurs(trices) en charge des Sports Collectifs.<\/li>\n<\/ul>\n<\/li>\n<\/ul>\n<ul>\n<li style=\"list-style-type: none;\">\n<ul>\n<li><span style=\"color: #00ccff;\"><strong>Anim Fitness<\/strong><\/span>: des animateurs(trices) certifi\u00e9s pour donner des cours de fitness et d\u2019activit\u00e9s de bien-\u00eatre \u00e0 des groupes (ados\/adultes)<\/li>\n<\/ul>\n<\/li>\n<\/ul>\n<ul>\n<li style=\"list-style-type: none;\">\n<ul>\n<li><strong><span style=\"color: #ffcc00;\">Anim Kid<\/span>\u00a0:<\/strong> des animateurs(trices) qui s\u2019occupent du Kids Club, BAFA souhait\u00e9.<\/li>\n<\/ul>\n<\/li>\n<\/ul>\n<ul>\n<li style=\"list-style-type: none;\">\n<ul>\n<li><span style=\"color: #339966;\"><strong>Anim Ados<\/strong><\/span>: des animateurs(trices) qui s\u2019occupent du Club Ados \u2013 cr\u00e9ation de programmes, organisation et gestion des activit\u00e9s des 11-17 ans, BAFA souhait\u00e9.<\/li>\n<\/ul>\n<\/li>\n<\/ul>\n<p><em>Pour tous les postes, un niveau d\u2019anglais moyen est requis. <\/em><\/p>\n<p><strong>Alors n\u2019attendez plus et envoyez-nous votre CV<\/strong>.<\/p>\n<p><a href=\"mailto:recrutement@bybanim-events.com\">recrutement@bybanim-events.com<\/a><\/p><\/div><\/div><\/div><\/div><\/section><\/div> <!-- .tm-element-heading-wrapper container --> [vc_media_grid element_width=&#8221;2&#8243; grid_id=&#8221;vc_gid:1611053219778-35107512-a5a2-2&#8243; include=&#8221;5178,5179,5180,5181,5182,5183&#8243;][\/vc_column][\/vc_row]<\/p>\n","protected":false},"excerpt":{"rendered":"<p>[vc_row][vc_column][vc_media_grid element_width=&#8221;2&#8243; grid_id=&#8221;vc_gid:1611053219778-35107512-a5a2-2&#8243; include=&#8221;5178,5179,5180,5181,5182,5183&#8243;][\/vc_column][\/vc_row]<\/p>\n","protected":false},"author":1,"featured_media":0,"parent":0,"menu_order":0,"comment_status":"closed","ping_status":"closed","template":"","meta":[],"_links":{"self":[{"href":"https:\/\/bybanim-events.com\/index.php\/wp-json\/wp\/v2\/pages\/4900"}],"collection":[{"href":"https:\/\/bybanim-events.com\/index.php\/wp-json\/wp\/v2\/pages"}],"about":[{"href":"https:\/\/bybanim-events.com\/index.php\/wp-json\/wp\/v2\/types\/page"}],"author":[{"embeddable":true,"href":"https:\/\/bybanim-events.com\/index.php\/wp-json\/wp\/v2\/users\/1"}],"replies":[{"embeddable":true,"href":"https:\/\/bybanim-events.com\/index.php\/wp-json\/wp\/v2\/comments?post=4900"}],"version-history":[{"count":7,"href":"https:\/\/bybanim-events.com\/index.php\/wp-json\/wp\/v2\/pages\/4900\/revisions"}],"predecessor-version":[{"id":5244,"href":"https:\/\/bybanim-events.com\/index.php\/wp-json\/wp\/v2\/pages\/4900\/revisions\/5244"}],"wp:attachment":[{"href":"https:\/\/bybanim-events.com\/index.php\/wp-json\/wp\/v2\/media?parent=4900"}],"curies":[{"name":"wp","href":"https:\/\/api.w.org\/{rel}","templated":true}]}}