{"id":4880,"date":"2020-12-18T16:06:05","date_gmt":"2020-12-18T15:06:05","guid":{"rendered":"http:\/\/bybanim-events.com\/?page_id=4880"},"modified":"2021-01-28T20:12:47","modified_gmt":"2021-01-28T19:12:47","slug":"bybartist-talents","status":"publish","type":"page","link":"https:\/\/bybanim-events.com\/index.php\/bybartist-talents\/","title":{"rendered":"BybArtist Talents"},"content":{"rendered":"<p>[vc_row][vc_column]\n\t\t\t<!-- START presentupclassicmainslider 1 REVOLUTION SLIDER 6.2.12 --><p class=\"rs-p-wp-fix\"><\/p>\n\t\t\t<rs-module-wrap id=\"rev_slider_5_1_wrapper\" data-source=\"gallery\" style=\"background:transparent;padding:0;margin:0px auto;margin-top:0;margin-bottom:0;\">\n\t\t\t\t<rs-module id=\"rev_slider_5_1\" style=\"\" data-version=\"6.2.12\">\n\t\t\t\t\t<rs-slides>\n\t\t\t\t\t\t<rs-slide data-key=\"rs-13\" data-title=\"Slide\" data-anim=\"ei:d;eo:d;s:1000;r:0;t:fade;sl:0;\">\n\t\t\t\t\t\t\t<img src=\"\/\/bybanim-events.com\/wp-content\/plugins\/revslider\/public\/assets\/assets\/transparent.png\" alt=\"Slide\" title=\"BybArtist Talents\" data-bg=\"c:#ffffff;\" class=\"rev-slidebg\" data-no-retina>\n<!--\n\t\t\t\t\t\t\t--><rs-layer\n\t\t\t\t\t\t\t\tid=\"slider-5-slide-13-layer-8\" \n\t\t\t\t\t\t\t\tclass=\"rs-layer-video intrinsic-ignore\"\n\t\t\t\t\t\t\t\tdata-type=\"video\"\n\t\t\t\t\t\t\t\tdata-rsp_ch=\"on\"\n\t\t\t\t\t\t\t\tdata-xy=\"x:c;y:127px;\"\n\t\t\t\t\t\t\t\tdata-text=\"w:normal;\"\n\t\t\t\t\t\t\t\tdata-dim=\"w:100%;h:578px;\"\n\t\t\t\t\t\t\t\tdata-video=\"vd:100;l:false;ptimer:false;\"\n\t\t\t\t\t\t\t\tdata-mp4=\"\/\/bybanim-events.com\/wp-content\/uploads\/2021\/01\/Logo-anime-BybArtist-.mp4\"\n\t\t\t\t\t\t\t\tdata-frame_999=\"o:0;st:8900;\"\n\t\t\t\t\t\t\t\tstyle=\"z-index:5;\"\n\t\t\t\t\t\t\t>\n\t\t\t\t\t\t\t<\/rs-layer><!--\n-->\t\t\t\t\t\t<\/rs-slide>\n\t\t\t\t\t<\/rs-slides>\n\t\t\t\t<\/rs-module>\n\t\t\t\t<script type=\"text\/javascript\">\n\t\t\t\t\tsetREVStartSize({c: 'rev_slider_5_1',rl:[1240,1024,778,480],el:[730],gw:[1240],gh:[730],type:'standard',justify:'',layout:'fullwidth',mh:\"0\"});\n\t\t\t\t\tvar\trevapi5,\n\t\t\t\t\t\ttpj;\n\t\t\t\t\tjQuery(function() {\n\t\t\t\t\t\ttpj = jQuery;\n\t\t\t\t\t\trevapi5 = tpj(\"#rev_slider_5_1\")\n\t\t\t\t\t\tif(revapi5==undefined || revapi5.revolution == undefined){\n\t\t\t\t\t\t\trevslider_showDoubleJqueryError(\"rev_slider_5_1\");\n\t\t\t\t\t\t}else{\n\t\t\t\t\t\t\trevapi5.revolution({\n\t\t\t\t\t\t\t\tsliderLayout:\"fullwidth\",\n\t\t\t\t\t\t\t\tvisibilityLevels:\"1240,1024,778,480\",\n\t\t\t\t\t\t\t\tgridwidth:1240,\n\t\t\t\t\t\t\t\tgridheight:730,\n\t\t\t\t\t\t\t\tspinner:\"spinner0\",\n\t\t\t\t\t\t\t\tperspective:600,\n\t\t\t\t\t\t\t\tperspectiveType:\"local\",\n\t\t\t\t\t\t\t\teditorheight:\"730,768,960,720\",\n\t\t\t\t\t\t\t\tresponsiveLevels:\"1240,1024,778,480\",\n\t\t\t\t\t\t\t\tprogressBar:{disableProgressBar:true},\n\t\t\t\t\t\t\t\tnavigation: {\n\t\t\t\t\t\t\t\t\tmouseScrollNavigation:false,\n\t\t\t\t\t\t\t\t\tonHoverStop:false,\n\t\t\t\t\t\t\t\t\ttouch: {\n\t\t\t\t\t\t\t\t\t\ttouchenabled:true\n\t\t\t\t\t\t\t\t\t}\n\t\t\t\t\t\t\t\t},\n\t\t\t\t\t\t\t\tfallbacks: {\n\t\t\t\t\t\t\t\t\tallowHTML5AutoPlayOnAndroid:true\n\t\t\t\t\t\t\t\t},\n\t\t\t\t\t\t\t});\n\t\t\t\t\t\t}\n\t\t\t\t\t\t\n\t\t\t\t\t});\n\t\t\t\t<\/script>\n\t\t\t<\/rs-module-wrap>\n\t\t\t<!-- END REVOLUTION SLIDER -->\n[vc_column_text]<\/p>\n<p style=\"text-align: center;\"><span style=\"color: #000000;\"><b><i><span style=\"font-family: Arial, sans-serif;\">Bybartist Talents<\/span><\/i><\/b><span style=\"font-family: Arial, sans-serif;\"> est la troupe professionnelle de <b><i>Bybanim Events.<\/i><\/b><\/span><\/span><\/p>\n<p>[\/vc_column_text][vc_row_inner tm_zindex=&#8221;2&#8243; equal_height=&#8221;yes&#8221;][vc_column_inner tm_bgcolor=&#8221;grey&#8221; width=&#8221;1\/2&#8243; css=&#8221;.vc_custom_1610932470492{margin-right: 10px !important;margin-left: 10px !important;border-radius: 1px !important;}&#8221;][vc_single_image image=&#8221;5150&#8243; img_size=&#8221;large&#8221;]<div class=\"tm-sbox tm-sbox-iconalign-top-center none tm-sbox-bgcolor-transparent tm-bgcolor-transparent tm-sbox-textcolor- tm-textcolor- tm-sbox-isize-md tm-sbox-isize-md tm-sbox-istyle-none  tm-sbox-heading-only tm-hide-sbox-icon\"><section class=\"tm-vc_cta3-container\"><div class=\"tm-vc_general tm-vc_cta3 tm-vc_cta3-align-left tm-vc_cta3-icon-size-md tm-vc_cta3-icons-top tm-vc_cta3-actions-bottom\"><div class=\"tm-vc_cta3-icons tm-wrap-cell\"><div class=\"tm-vc_icon_element tm-vc_icon_element-outer tm-vc_icon_element-align-left \"><div class=\"tm-vc_icon_element-inner  tm-vc_icon_element-color-skincolor tm-vc_icon_element-size-md tm-vc_icon_element-style-none tm-vc_icon_element-background-color-grey\" ><span class=\"tm-vc_icon_element-icon flaticon-honey\" ><\/span><\/div><\/div><\/div><div class=\"tm-vc_cta3_content-container\"><div class=\"tm-vc_cta3-content\"><div class=\"tm-vc_cta3-content-header tm-wrap\"><div class=\"tm-vc_cta3-headers tm-wrap-cell\"><h2 class=\"tm-custom-heading \" >Nos shows<\/h2>\n<\/div><\/div><\/div><div class=\"tm-cta3-desc-btn-wrapper\"><div class=\"tm-cta3-description\"><div class=\"tm-cta3-content-wrapper\"><p><span style=\"color: #000000;\">Professionnels de la sc\u00e8ne, la Troupe <strong><em>BybArtist <\/em><\/strong>saura vous faire r\u00eaver \u00e0 travers ses diff\u00e9rents <strong><em>ShowPro<\/em><\/strong><\/span><\/p><\/div><\/div>\n\t\t<div class=\"tm-vc_btn3-container tm-vc_btn3-inline\"><a class=\"tm-vc_general tm-vc_btn3 tm-vc_btn3-size-lg tm-vc_btn3-shape-round tm-vc_btn3-style-text tm-vc_btn3-weight-yes tm-vc_btn3-color-skincolor\" href=\"http:\/\/bybanim-events.com\/index.php\/showpro\/\" title=\"ShowPro\">Cliquez ici<\/a><\/div><\/div><\/div><\/div><\/section><\/div>[\/vc_column_inner][vc_column_inner tm_bgcolor=&#8221;grey&#8221; width=&#8221;1\/2&#8243; css=&#8221;.vc_custom_1610932481917{margin-right: 10px !important;margin-left: 10px !important;}&#8221;][vc_single_image image=&#8221;5151&#8243; img_size=&#8221;large&#8221;]<div class=\"tm-sbox tm-sbox-iconalign-top-center none tm-sbox-bgcolor-transparent tm-bgcolor-transparent tm-sbox-textcolor- tm-textcolor- tm-sbox-isize-md tm-sbox-isize-md tm-sbox-istyle-none  tm-sbox-heading-only tm-hide-sbox-icon\"><section class=\"tm-vc_cta3-container\"><div class=\"tm-vc_general tm-vc_cta3 tm-vc_cta3-align-left tm-vc_cta3-icon-size-md tm-vc_cta3-icons-top tm-vc_cta3-actions-bottom\"><div class=\"tm-vc_cta3-icons tm-wrap-cell\"><div class=\"tm-vc_icon_element tm-vc_icon_element-outer tm-vc_icon_element-align-left \"><div class=\"tm-vc_icon_element-inner  tm-vc_icon_element-color-skincolor tm-vc_icon_element-size-md tm-vc_icon_element-style-none tm-vc_icon_element-background-color-grey\" ><span class=\"tm-vc_icon_element-icon flaticon-honey\" ><\/span><\/div><\/div><\/div><div class=\"tm-vc_cta3_content-container\"><div class=\"tm-vc_cta3-content\"><div class=\"tm-vc_cta3-content-header tm-wrap\"><div class=\"tm-vc_cta3-headers tm-wrap-cell\"><h2 class=\"tm-custom-heading \" >Nos talents<\/h2>\n<\/div><\/div><\/div><div class=\"tm-cta3-desc-btn-wrapper\"><div class=\"tm-cta3-description\"><div class=\"tm-cta3-content-wrapper\"><p><span style=\"color: #000000;\">Chanteurs, danseurs, circassiens, acrobates. Des artistes pluridisciplinaires qui se produisent plusieurs soirs par semaine sur sc\u00e8ne pendant la saison estivale.<\/span><\/p><\/div><\/div>\n\t\t<div class=\"tm-vc_btn3-container tm-vc_btn3-inline\"><a class=\"tm-vc_general tm-vc_btn3 tm-vc_btn3-size-lg tm-vc_btn3-shape-round tm-vc_btn3-style-text tm-vc_btn3-weight-yes tm-vc_btn3-color-skincolor\" href=\"http:\/\/bybanim-events.com\/index.php\/nos-artistes\/\" title=\"Nos artistes\">Cliquez ici<\/a><\/div><\/div><\/div><\/div><\/section><\/div>[\/vc_column_inner][\/vc_row_inner][\/vc_column][\/vc_row]<\/p>\n","protected":false},"excerpt":{"rendered":"<p>[vc_row][vc_column][vc_column_text] Bybartist Talents est la troupe professionnelle de Bybanim Events. [\/vc_column_text][vc_row_inner tm_zindex=&#8221;2&#8243; equal_height=&#8221;yes&#8221;][vc_column_inner tm_bgcolor=&#8221;grey&#8221; width=&#8221;1\/2&#8243; css=&#8221;.vc_custom_1610932470492{margin-right: 10px !important;margin-left: 10px !important;border-radius: 1px !important;}&#8221;][vc_single_image image=&#8221;5150&#8243; img_size=&#8221;large&#8221;][\/vc_column_inner][vc_column_inner tm_bgcolor=&#8221;grey&#8221; width=&#8221;1\/2&#8243; css=&#8221;.vc_custom_1610932481917{margin-right: 10px !important;margin-left: 10px &hellip; <a href=\"https:\/\/bybanim-events.com\/index.php\/bybartist-talents\/\" class=\"more-link\">Continue reading <span class=\"screen-reader-text\">BybArtist Talents<\/span><\/a><\/p>\n","protected":false},"author":1,"featured_media":0,"parent":0,"menu_order":0,"comment_status":"closed","ping_status":"closed","template":"","meta":[],"_links":{"self":[{"href":"https:\/\/bybanim-events.com\/index.php\/wp-json\/wp\/v2\/pages\/4880"}],"collection":[{"href":"https:\/\/bybanim-events.com\/index.php\/wp-json\/wp\/v2\/pages"}],"about":[{"href":"https:\/\/bybanim-events.com\/index.php\/wp-json\/wp\/v2\/types\/page"}],"author":[{"embeddable":true,"href":"https:\/\/bybanim-events.com\/index.php\/wp-json\/wp\/v2\/users\/1"}],"replies":[{"embeddable":true,"href":"https:\/\/bybanim-events.com\/index.php\/wp-json\/wp\/v2\/comments?post=4880"}],"version-history":[{"count":41,"href":"https:\/\/bybanim-events.com\/index.php\/wp-json\/wp\/v2\/pages\/4880\/revisions"}],"predecessor-version":[{"id":5285,"href":"https:\/\/bybanim-events.com\/index.php\/wp-json\/wp\/v2\/pages\/4880\/revisions\/5285"}],"wp:attachment":[{"href":"https:\/\/bybanim-events.com\/index.php\/wp-json\/wp\/v2\/media?parent=4880"}],"curies":[{"name":"wp","href":"https:\/\/api.w.org\/{rel}","templated":true}]}}