{"id":4863,"date":"2020-12-18T15:55:47","date_gmt":"2020-12-18T14:55:47","guid":{"rendered":"http:\/\/bybanim-events.com\/?page_id=4863"},"modified":"2021-01-19T18:23:13","modified_gmt":"2021-01-19T17:23:13","slug":"animation-evenementiel","status":"publish","type":"page","link":"https:\/\/bybanim-events.com\/index.php\/animation-evenementiel\/","title":{"rendered":"Animation \/ Ev\u00e9nementiel"},"content":{"rendered":"<p>[vc_row][vc_column]<div class=\"tm-element-heading-wrapper tm-heading-inner tm-element-align-left tm-seperator-none tm-heading-style-vertical tm-overlay-subheading\"><section class=\"tm-vc_cta3-container\"><div class=\"tm-vc_general tm-vc_cta3 tm-cta3-only tm-vc_cta3-style-classic tm-vc_cta3-shape-rounded tm-vc_cta3-align-left tm-vc_cta3-color-transparent tm-vc_cta3-icon-size-md tm-vc_cta3-actions-no tm-cta3-with-desc\"><div class=\"tm-vc_cta3_content-container\"><div class=\"tm-vc_cta3-content\"><header class=\"tm-vc_cta3-content-header tm-wrap\"><div class=\"tm-vc_cta3-headers tm-wrap-cell\"><h4 class=\"tm-custom-heading \" >ANIMATION \/ EVENEMENTIEL<\/h4>\n<h2 class=\"tm-custom-heading \" >L'animation comme vous l'attendiez !<\/h2>\n<\/div><div class=\"heading-seperator\"><span><\/span><\/div><\/header><div class=\"tm-cta3-content-wrapper\"><p>Notre agence vous propose un accompagnement de A \u00e0 Z pour tous vos \u00e9v\u00e8nements.<br \/>\nJourn\u00e9es, soir\u00e9es ou encore Week-End complets, <strong><em>Bybanim<\/em><\/strong> sera votre meilleur alli\u00e9.<br \/>\nGr\u00e2ce \u00e0 des ann\u00e9es d\u2019exp\u00e9riences dans le domaine de l\u2019animation club et l\u2019h\u00f4tellerie de plein air, nous vous garantissons des exp\u00e9riences uniques.<br \/>\nEnsemble, nous \u00e9tablirons vos besoins \u00e0 travers un cahier des charges sp\u00e9cifique. Nous vous conseillerons et vous accompagnerons.<br \/>\nQue vous soyez un complexe h\u00f4telier, un particulier, une entreprise, nous saurons nous adapter \u00e0 vos envies. Nous nous engageons \u00e0 vous cr\u00e9er des \u00e9v\u00e8nements uniques.<br \/>\nNous mettons notre professionnalisme, notre personnel, nos associ\u00e9s ainsi que notre passion \u00e0 votre service.<\/p>\n<p><strong><em>Vous pouvez nous faire confiance. Alors, pourquoi attendre\u00a0?<\/em><\/strong><\/p><\/div><\/div><\/div><\/div><\/section><\/div> <!-- .tm-element-heading-wrapper container --> [vc_row_inner][vc_column_inner width=&#8221;1\/4&#8243; css=&#8221;.vc_custom_1611057584706{padding-right: 0px !important;padding-left: 0px !important;}&#8221;][vc_single_image image=&#8221;5111&#8243; img_size=&#8221;large&#8221; alignment=&#8221;center&#8221;]<div class=\"tm-sbox tm-sbox-iconalign-top-center none tm-sbox-bgcolor-transparent tm-bgcolor-transparent tm-sbox-textcolor- tm-textcolor- tm-sbox-isize-md tm-sbox-isize-md tm-sbox-istyle-none  tm-sbox-heading-only tm-hide-sbox-icon\"><section class=\"tm-vc_cta3-container\"><div class=\"tm-vc_general tm-vc_cta3 tm-vc_cta3-align-left tm-vc_cta3-icon-size-md tm-vc_cta3-icons-top tm-vc_cta3-actions-bottom\"><div class=\"tm-vc_cta3-icons tm-wrap-cell\"><div class=\"tm-vc_icon_element tm-vc_icon_element-outer tm-vc_icon_element-align-left \"><div class=\"tm-vc_icon_element-inner  tm-vc_icon_element-color-skincolor tm-vc_icon_element-size-md tm-vc_icon_element-style-none tm-vc_icon_element-background-color-grey\" ><span class=\"tm-vc_icon_element-icon flaticon-honey\" ><\/span><\/div><\/div><\/div><div class=\"tm-vc_cta3_content-container\"><div class=\"tm-vc_cta3-content\"><div class=\"tm-vc_cta3-content-header tm-wrap\"><div class=\"tm-vc_cta3-headers tm-wrap-cell\"><h2 class=\"tm-custom-heading \" >Journ\u00e9es \u00e9v\u00e8nements<\/h2>\n<\/div><\/div><\/div><div class=\"tm-cta3-desc-btn-wrapper\"><div class=\"tm-cta3-description\"><div class=\"tm-cta3-content-wrapper\">\n<p style=\"text-align: center;\">Color Run<br \/>\nFamily Day<br \/>\n14 Juillet<br \/>\nOlympiades<br \/>\nF\u00eate Nationale Belge<br \/>\nEv\u00e8nements Sportifs : finale de match<\/p>\n<p><\/div><\/div>\n\t\t<div class=\"tm-vc_btn3-container tm-vc_btn3-inline\"><a class=\"tm-vc_general tm-vc_btn3 tm-vc_btn3-size-md tm-vc_btn3-shape-round tm-vc_btn3-style-text tm-vc_btn3-weight-no tm-vc_btn3-color-skincolor\" href=\"http:\/\/bybanim-events.com\/index.php\/catalogue-journees-evenements\/\" title=\"Catalogue journ\u00e9es \u00e9v\u00e9nements\">Cliquez ici<\/a><\/div><\/div><\/div><\/div><\/section><\/div>[\/vc_column_inner][vc_column_inner tm_bgcolor=&#8221;grey&#8221; width=&#8221;1\/4&#8243; css=&#8221;.vc_custom_1611057589863{padding-right: 0px !important;padding-left: 0px !important;}&#8221;][vc_single_image image=&#8221;5264&#8243; img_size=&#8221;large&#8221; alignment=&#8221;center&#8221;]<div class=\"tm-sbox tm-sbox-iconalign-top-center none tm-sbox-bgcolor-transparent tm-bgcolor-transparent tm-sbox-textcolor- tm-textcolor- tm-sbox-isize-md tm-sbox-isize-md tm-sbox-istyle-none  tm-sbox-heading-only tm-hide-sbox-icon\"><section class=\"tm-vc_cta3-container\"><div class=\"tm-vc_general tm-vc_cta3 tm-vc_cta3-align-left tm-vc_cta3-icon-size-md tm-vc_cta3-icons-top tm-vc_cta3-actions-bottom\"><div class=\"tm-vc_cta3-icons tm-wrap-cell\"><div class=\"tm-vc_icon_element tm-vc_icon_element-outer tm-vc_icon_element-align-left \"><div class=\"tm-vc_icon_element-inner  tm-vc_icon_element-color-skincolor tm-vc_icon_element-size-md tm-vc_icon_element-style-none tm-vc_icon_element-background-color-grey\" ><span class=\"tm-vc_icon_element-icon flaticon-honey\" ><\/span><\/div><\/div><\/div><div class=\"tm-vc_cta3_content-container\"><div class=\"tm-vc_cta3-content\"><div class=\"tm-vc_cta3-content-header tm-wrap\"><div class=\"tm-vc_cta3-headers tm-wrap-cell\"><h2 class=\"tm-custom-heading \" >Soir\u00e9es \u00e9v\u00e8nements<\/h2>\n<\/div><\/div><\/div><div class=\"tm-cta3-desc-btn-wrapper\"><div class=\"tm-cta3-description\"><div class=\"tm-cta3-content-wrapper\">\n<p style=\"text-align: center;\">Soir\u00e9e mousse<br \/>\nD\u00eener spectacle<br \/>\nElection Miss et Mister camping<br \/>\nSoir\u00e9e \u00e0 th\u00e8me<br \/>\nSoir\u00e9e cin\u00e9ma de plein air<br \/>\nKaraok\u00e9<br \/>\nShows<\/p>\n<p><\/div><\/div>\n\t\t<div class=\"tm-vc_btn3-container tm-vc_btn3-inline\"><a class=\"tm-vc_general tm-vc_btn3 tm-vc_btn3-size-md tm-vc_btn3-shape-round tm-vc_btn3-style-text tm-vc_btn3-weight-no tm-vc_btn3-color-skincolor\" href=\"http:\/\/bybanim-events.com\/index.php\/catalogue-des-soirees-evenements\/\" title=\"Catalogue des soir\u00e9es \u00e9v\u00e8nements\">Cliquez ici<\/a><\/div><\/div><\/div><\/div><\/section><\/div>[\/vc_column_inner][vc_column_inner width=&#8221;1\/4&#8243; css=&#8221;.vc_custom_1611057600331{padding-right: 0px !important;padding-left: 0px !important;}&#8221;][vc_single_image image=&#8221;5274&#8243; img_size=&#8221;large&#8221; alignment=&#8221;center&#8221; css=&#8221;.vc_custom_1611076898185{padding-right: 0px !important;padding-left: 0px !important;}&#8221;]<div class=\"tm-sbox tm-sbox-iconalign-top-center none tm-sbox-bgcolor-transparent tm-bgcolor-transparent tm-sbox-textcolor- tm-textcolor- tm-sbox-isize-md tm-sbox-isize-md tm-sbox-istyle-none  tm-sbox-heading-only tm-hide-sbox-icon\"><section class=\"tm-vc_cta3-container\"><div class=\"tm-vc_general tm-vc_cta3 tm-vc_cta3-align-left tm-vc_cta3-icon-size-md tm-vc_cta3-icons-top tm-vc_cta3-actions-bottom\"><div class=\"tm-vc_cta3-icons tm-wrap-cell\"><div class=\"tm-vc_icon_element tm-vc_icon_element-outer tm-vc_icon_element-align-left \"><div class=\"tm-vc_icon_element-inner  tm-vc_icon_element-color-skincolor tm-vc_icon_element-size-md tm-vc_icon_element-style-none tm-vc_icon_element-background-color-grey\" ><span class=\"tm-vc_icon_element-icon flaticon-honey\" ><\/span><\/div><\/div><\/div><div class=\"tm-vc_cta3_content-container\"><div class=\"tm-vc_cta3-content\"><div class=\"tm-vc_cta3-content-header tm-wrap\"><div class=\"tm-vc_cta3-headers tm-wrap-cell\"><h2 class=\"tm-custom-heading \" >Organisation et gestion d\u2019\u00e9v\u00e8nements<\/h2>\n<\/div><\/div><\/div><div class=\"tm-cta3-desc-btn-wrapper\"><div class=\"tm-cta3-description\"><div class=\"tm-cta3-content-wrapper\">\n<p style=\"text-align: center;\">Mariages<br \/>\nSalons<br \/>\nS\u00e9minaires<br \/>\nTeam building<br \/>\nAccompagnement sur des festivals<br \/>\nSoir\u00e9es Priv\u00e9es<\/p>\n<p><\/div><\/div>\n\t\t<div class=\"tm-vc_btn3-container tm-vc_btn3-inline\"><a class=\"tm-vc_general tm-vc_btn3 tm-vc_btn3-size-md tm-vc_btn3-shape-round tm-vc_btn3-style-text tm-vc_btn3-weight-no tm-vc_btn3-color-skincolor\" href=\"http:\/\/bybanim-events.com\/index.php\/catalogue-organisations-des-events\/\" title=\"Catalogue organisations des events\">Cliquez ici<\/a><\/div><\/div><\/div><\/div><\/section><\/div>[\/vc_column_inner][vc_column_inner tm_bgcolor=&#8221;grey&#8221; width=&#8221;1\/4&#8243; css=&#8221;.vc_custom_1611057605571{padding-right: 0px !important;padding-left: 0px !important;}&#8221;][vc_single_image image=&#8221;5262&#8243; img_size=&#8221;large&#8221; alignment=&#8221;center&#8221;]<div class=\"tm-sbox tm-sbox-iconalign-top-center none tm-sbox-bgcolor-transparent tm-bgcolor-transparent tm-sbox-textcolor- tm-textcolor- tm-sbox-isize-md tm-sbox-isize-md tm-sbox-istyle-none  tm-sbox-heading-only tm-hide-sbox-icon\"><section class=\"tm-vc_cta3-container\"><div class=\"tm-vc_general tm-vc_cta3 tm-vc_cta3-align-left tm-vc_cta3-icon-size-md tm-vc_cta3-icons-top tm-vc_cta3-actions-bottom\"><div class=\"tm-vc_cta3-icons tm-wrap-cell\"><div class=\"tm-vc_icon_element tm-vc_icon_element-outer tm-vc_icon_element-align-left \"><div class=\"tm-vc_icon_element-inner  tm-vc_icon_element-color-skincolor tm-vc_icon_element-size-md tm-vc_icon_element-style-none tm-vc_icon_element-background-color-grey\" ><span class=\"tm-vc_icon_element-icon flaticon-honey\" ><\/span><\/div><\/div><\/div><div class=\"tm-vc_cta3_content-container\"><div class=\"tm-vc_cta3-content\"><div class=\"tm-vc_cta3-content-header tm-wrap\"><div class=\"tm-vc_cta3-headers tm-wrap-cell\"><h2 class=\"tm-custom-heading \" >Catalogue des prestataires associ\u00e9s<\/h2>\n<\/div><\/div><\/div><div class=\"tm-cta3-desc-btn-wrapper\"><div class=\"tm-cta3-description\"><div class=\"tm-cta3-content-wrapper\">\n<p style=\"text-align: center;\">Gr\u00e2ce \u00e0 un carnet d\u2019adresse , nous sommes en mesure de vous programmer des:<br \/>\ngroupes de musiques, magiciens, humoristes, hypnotiseurs\u2026<\/p>\n<p><\/div><\/div>\n\t\t<div class=\"tm-vc_btn3-container tm-vc_btn3-inline\"><a class=\"tm-vc_general tm-vc_btn3 tm-vc_btn3-size-md tm-vc_btn3-shape-round tm-vc_btn3-style-text tm-vc_btn3-weight-no tm-vc_btn3-color-skincolor\" href=\"http:\/\/bybanim-events.com\/index.php\/notre-selection-coup-de-coeur\/\" title=\"Notre s\u00e9lection coup de c\u0153ur\u2026\">Cliquez ici<\/a><\/div><\/div><\/div><\/div><\/section><\/div>[\/vc_column_inner][\/vc_row_inner][\/vc_column][\/vc_row][vc_row][vc_column][vc_media_grid grid_id=&#8221;vc_gid:1611070233904-76144d2f-c642-6&#8243; include=&#8221;5121,5122,5123,5124,5125,5126,5127,5128,5129,5130,5131,5132,5133,5134,5135&#8243;][\/vc_column][\/vc_row]<\/p>\n","protected":false},"excerpt":{"rendered":"<p>[vc_row][vc_column][vc_row_inner][vc_column_inner width=&#8221;1\/4&#8243; css=&#8221;.vc_custom_1611057584706{padding-right: 0px !important;padding-left: 0px !important;}&#8221;][vc_single_image image=&#8221;5111&#8243; img_size=&#8221;large&#8221; alignment=&#8221;center&#8221;][\/vc_column_inner][vc_column_inner tm_bgcolor=&#8221;grey&#8221; width=&#8221;1\/4&#8243; css=&#8221;.vc_custom_1611057589863{padding-right: 0px !important;padding-left: 0px !important;}&#8221;][vc_single_image image=&#8221;5264&#8243; img_size=&#8221;large&#8221; alignment=&#8221;center&#8221;][\/vc_column_inner][vc_column_inner width=&#8221;1\/4&#8243; css=&#8221;.vc_custom_1611057600331{padding-right: 0px !important;padding-left: 0px !important;}&#8221;][vc_single_image image=&#8221;5274&#8243; img_size=&#8221;large&#8221; alignment=&#8221;center&#8221; css=&#8221;.vc_custom_1611076898185{padding-right: &hellip; <a href=\"https:\/\/bybanim-events.com\/index.php\/animation-evenementiel\/\" class=\"more-link\">Continue reading <span class=\"screen-reader-text\">Animation \/ Ev\u00e9nementiel<\/span><\/a><\/p>\n","protected":false},"author":1,"featured_media":0,"parent":0,"menu_order":0,"comment_status":"closed","ping_status":"closed","template":"","meta":[],"_links":{"self":[{"href":"https:\/\/bybanim-events.com\/index.php\/wp-json\/wp\/v2\/pages\/4863"}],"collection":[{"href":"https:\/\/bybanim-events.com\/index.php\/wp-json\/wp\/v2\/pages"}],"about":[{"href":"https:\/\/bybanim-events.com\/index.php\/wp-json\/wp\/v2\/types\/page"}],"author":[{"embeddable":true,"href":"https:\/\/bybanim-events.com\/index.php\/wp-json\/wp\/v2\/users\/1"}],"replies":[{"embeddable":true,"href":"https:\/\/bybanim-events.com\/index.php\/wp-json\/wp\/v2\/comments?post=4863"}],"version-history":[{"count":24,"href":"https:\/\/bybanim-events.com\/index.php\/wp-json\/wp\/v2\/pages\/4863\/revisions"}],"predecessor-version":[{"id":5275,"href":"https:\/\/bybanim-events.com\/index.php\/wp-json\/wp\/v2\/pages\/4863\/revisions\/5275"}],"wp:attachment":[{"href":"https:\/\/bybanim-events.com\/index.php\/wp-json\/wp\/v2\/media?parent=4863"}],"curies":[{"name":"wp","href":"https:\/\/api.w.org\/{rel}","templated":true}]}}