{"id":4846,"date":"2020-12-18T15:39:10","date_gmt":"2020-12-18T14:39:10","guid":{"rendered":"http:\/\/bybanim-events.com\/?page_id=4846"},"modified":"2021-01-19T12:42:52","modified_gmt":"2021-01-19T11:42:52","slug":"your-show","status":"publish","type":"page","link":"https:\/\/bybanim-events.com\/index.php\/your-show\/","title":{"rendered":"Your Show"},"content":{"rendered":"<p>[vc_row][vc_column]<div class=\"tm-element-heading-wrapper tm-heading-inner tm-element-align-left tm-seperator-none tm-heading-style-vertical tm-overlay-subheading\"><section class=\"tm-vc_cta3-container\"><div class=\"tm-vc_general tm-vc_cta3 tm-cta3-only tm-vc_cta3-style-classic tm-vc_cta3-shape-rounded tm-vc_cta3-align-left tm-vc_cta3-color-transparent tm-vc_cta3-icon-size-md tm-vc_cta3-actions-no tm-cta3-with-desc\"><div class=\"tm-vc_cta3_content-container\"><div class=\"tm-vc_cta3-content\"><header class=\"tm-vc_cta3-content-header tm-wrap\"><div class=\"tm-vc_cta3-headers tm-wrap-cell\"><h4 class=\"tm-custom-heading \" >SPECTACLES<\/h4>\n<h2 class=\"tm-custom-heading \" >Your Show<\/h2>\n<\/div><div class=\"heading-seperator\"><span><\/span><\/div><\/header><div class=\"tm-cta3-content-wrapper\"><p>Vous avez une id\u00e9e de Show, une envie particuli\u00e8re, un th\u00e8me sp\u00e9cifique\u00a0?<\/p>\n<p>Bybanim Events peut r\u00e9aliser votre projet\u00a0!<\/p>\n<p>Vous aurez \u00e9galement la possibilit\u00e9 d\u2019avoir l\u2019exclusivit\u00e9 sur Your Show pendant 1 an\u00a0!<\/p>\n<p>Alors qu\u2019attendez- vous pour faire de vos r\u00eaves une r\u00e9alit\u00e9\u00a0?<\/p><\/div><\/div><\/div><\/div><\/section><\/div> <!-- .tm-element-heading-wrapper container --> [vc_video link=&#8221;https:\/\/youtu.be\/EkvAlBYyGF0&#8243;][\/vc_column][\/vc_row]<\/p>\n","protected":false},"excerpt":{"rendered":"<p>[vc_row][vc_column][vc_video link=&#8221;https:\/\/youtu.be\/EkvAlBYyGF0&#8243;][\/vc_column][\/vc_row]<\/p>\n","protected":false},"author":1,"featured_media":0,"parent":0,"menu_order":0,"comment_status":"closed","ping_status":"closed","template":"","meta":[],"_links":{"self":[{"href":"https:\/\/bybanim-events.com\/index.php\/wp-json\/wp\/v2\/pages\/4846"}],"collection":[{"href":"https:\/\/bybanim-events.com\/index.php\/wp-json\/wp\/v2\/pages"}],"about":[{"href":"https:\/\/bybanim-events.com\/index.php\/wp-json\/wp\/v2\/types\/page"}],"author":[{"embeddable":true,"href":"https:\/\/bybanim-events.com\/index.php\/wp-json\/wp\/v2\/users\/1"}],"replies":[{"embeddable":true,"href":"https:\/\/bybanim-events.com\/index.php\/wp-json\/wp\/v2\/comments?post=4846"}],"version-history":[{"count":4,"href":"https:\/\/bybanim-events.com\/index.php\/wp-json\/wp\/v2\/pages\/4846\/revisions"}],"predecessor-version":[{"id":5253,"href":"https:\/\/bybanim-events.com\/index.php\/wp-json\/wp\/v2\/pages\/4846\/revisions\/5253"}],"wp:attachment":[{"href":"https:\/\/bybanim-events.com\/index.php\/wp-json\/wp\/v2\/media?parent=4846"}],"curies":[{"name":"wp","href":"https:\/\/api.w.org\/{rel}","templated":true}]}}