{"id":4742,"date":"2020-12-18T13:52:41","date_gmt":"2020-12-18T12:52:41","guid":{"rendered":"http:\/\/bybanim-events.com\/?page_id=4742"},"modified":"2021-01-27T03:43:58","modified_gmt":"2021-01-27T02:43:58","slug":"spectacles","status":"publish","type":"page","link":"https:\/\/bybanim-events.com\/index.php\/spectacles\/","title":{"rendered":"BigShow"},"content":{"rendered":"<p>[vc_row][vc_column]<div class=\"tm-element-heading-wrapper tm-heading-inner tm-element-align-left tm-seperator-none tm-heading-style-vertical tm-overlay-subheading\"><section class=\"tm-vc_cta3-container\"><div class=\"tm-vc_general tm-vc_cta3 tm-cta3-only tm-vc_cta3-style-classic tm-vc_cta3-shape-rounded tm-vc_cta3-align-left tm-vc_cta3-color-transparent tm-vc_cta3-icon-size-md tm-vc_cta3-actions-no tm-cta3-with-desc\"><div class=\"tm-vc_cta3_content-container\"><div class=\"tm-vc_cta3-content\"><header class=\"tm-vc_cta3-content-header tm-wrap\"><div class=\"tm-vc_cta3-headers tm-wrap-cell\"><h4 class=\"tm-custom-heading \" >SPECTACLES<\/h4>\n<h2 class=\"tm-custom-heading \" >BigShow<\/h2>\n<\/div><div class=\"heading-seperator\"><span><\/span><\/div><\/header><div class=\"tm-cta3-content-wrapper\"><p>L\u2019\u00e9quipe d\u2019animation est au centre de ces shows. Des artistes professionnels peuvent venir en renfort. Les musiques et les diff\u00e9rents th\u00e8mes que nous vous proposons vous transporteront \u00e0 travers divers univers musicaux et \u00e9poques.<\/p>\n<p>Des histoires parfois inspir\u00e9es de com\u00e9dies musicales ou de films qui ont marqu\u00e9s les esprits de tous. De r\u00e9els voyages dans le temps, frissons garantis.<\/p>\n<p>Les Big Show sont fournis avec les costumes, le livret, la bande son et la formation pour votre \u00e9quipe \u2013 <em>cr\u00e9ation de d\u00e9cor en suppl\u00e9ment.<\/em><\/p><\/div><\/div><\/div><\/div><\/section><\/div> <!-- .tm-element-heading-wrapper container --> [\/vc_column][\/vc_row][vc_row][vc_column]<div class=\"tm-sbox tm-sbox-iconalign-left-spacing none tm-sbox-bgcolor-transparent tm-bgcolor-transparent tm-sbox-textcolor- tm-textcolor- tm-sbox-isize-md tm-sbox-isize-md tm-sbox-istyle-none  tm-sbox-heading-only\"><section class=\"tm-vc_cta3-container\"><div class=\"tm-vc_general tm-vc_cta3 tm-vc_cta3-align-left tm-vc_cta3-icon-size-md tm-vc_cta3-icons-left tm-vc_cta3-actions-no\"><div class=\"tm-vc_cta3-icons tm-wrap-cell\"><div class=\"tm-vc_icon_element tm-vc_icon_element-outer tm-vc_icon_element-align-left \"><div class=\"tm-vc_icon_element-inner  tm-vc_icon_element-color-skincolor tm-vc_icon_element-size-md tm-vc_icon_element-style-none tm-vc_icon_element-background-color-grey\" ><span class=\"tm-vc_icon_element-icon fa fa-chevron-right\" ><\/span><\/div><\/div><\/div><div class=\"tm-vc_cta3_content-container\"><div class=\"tm-vc_cta3-content\"><div class=\"tm-vc_cta3-content-header tm-wrap\"><div class=\"tm-vc_cta3-headers tm-wrap-cell\"><h2 class=\"tm-custom-heading \" >\u00ab INDIG\u00c8NES \u00bb<\/h2>\n<\/div><\/div><\/div><div class=\"tm-cta3-desc-btn-wrapper\"><div class=\"tm-cta3-description\"><div class=\"tm-cta3-content-wrapper\"><p>Des explorateurs arrivent dans un nouveau monde. Un commandant submerg\u00e9 de col\u00e8re et assoiff\u00e9 de pouvoir va venir perturber le rythme de cette civilisation. Un soldat va faire la rencontre d\u2019une jeune Indig\u00e8ne. Une histoire d\u2019amour impr\u00e9vue. La rencontre de deux \u00eatres que tout oppose va cr\u00e9er une incroyable aventure. Tenez-vous pr\u00eats pour la bataille finale, qui sera le tournant d\u00e9cisif de la destin\u00e9e de ces deux peuples. Un spectacle visuel dans le monde fantastique et musical du film \u00ab\u00a0Avatar\u00a0\u00bb.<\/p><\/div><\/div><\/div><\/div><\/div><\/section><\/div>[vc_video link=&#8221;https:\/\/youtu.be\/okPRBEakA1k&#8221;][vc_media_grid grid_id=&#8221;vc_gid:1611714649159-f08525c4-c734-3&#8243; include=&#8221;4974,4975,4976,4977,4978,4979&#8243;][\/vc_column][\/vc_row][vc_row][vc_column]<div class=\"tm-sbox tm-sbox-iconalign-left-spacing none tm-sbox-bgcolor-transparent tm-bgcolor-transparent tm-sbox-textcolor- tm-textcolor- tm-sbox-isize-md tm-sbox-isize-md tm-sbox-istyle-none  tm-sbox-heading-only\"><section class=\"tm-vc_cta3-container\"><div class=\"tm-vc_general tm-vc_cta3 tm-vc_cta3-align-left tm-vc_cta3-icon-size-md tm-vc_cta3-icons-left tm-vc_cta3-actions-no\"><div class=\"tm-vc_cta3-icons tm-wrap-cell\"><div class=\"tm-vc_icon_element tm-vc_icon_element-outer tm-vc_icon_element-align-left \"><div class=\"tm-vc_icon_element-inner  tm-vc_icon_element-color-skincolor tm-vc_icon_element-size-md tm-vc_icon_element-style-none tm-vc_icon_element-background-color-grey\" ><span class=\"tm-vc_icon_element-icon fa fa-chevron-right\" ><\/span><\/div><\/div><\/div><div class=\"tm-vc_cta3_content-container\"><div class=\"tm-vc_cta3-content\"><div class=\"tm-vc_cta3-content-header tm-wrap\"><div class=\"tm-vc_cta3-headers tm-wrap-cell\"><h2 class=\"tm-custom-heading \" >\u00ab GREATEST \u00bb<\/h2>\n<\/div><\/div><\/div><div class=\"tm-cta3-desc-btn-wrapper\"><div class=\"tm-cta3-description\"><div class=\"tm-cta3-content-wrapper\"><p>Un <strong>Big Show<\/strong> sensationnel autour de l\u2019univers du cirque. Une aventure merveilleuse, avec des personnages hauts en couleurs. Il est temps de r\u00e9\u00e9crire votre destin et de venir toucher les \u00e9toiles. Un spectacle fort en \u00e9motions. Laissez-vous porter de tableau en tableau \u00e0 travers ce grand show. Des lumi\u00e8res aux musiques, en passant par les costumes et le d\u00e9cor. \u00ab\u00a0Greatest\u00a0\u00bb est une aventure \u00e9merveill\u00e9e a la port\u00e9e de chacun d\u2019entre nous.<\/p><\/div><\/div><\/div><\/div><\/div><\/section><\/div>[vc_video link=&#8221;https:\/\/youtu.be\/qcdcV_CbODk&#8221;][vc_media_grid grid_id=&#8221;vc_gid:1611714649173-198e96c7-4c37-8&#8243; include=&#8221;4980,4981,4982,4983,4984,4985&#8243;][\/vc_column][\/vc_row][vc_row][vc_column]<div class=\"tm-sbox tm-sbox-iconalign-left-spacing none tm-sbox-bgcolor-transparent tm-bgcolor-transparent tm-sbox-textcolor- tm-textcolor- tm-sbox-isize-md tm-sbox-isize-md tm-sbox-istyle-none  tm-sbox-heading-only\"><section class=\"tm-vc_cta3-container\"><div class=\"tm-vc_general tm-vc_cta3 tm-vc_cta3-align-left tm-vc_cta3-icon-size-md tm-vc_cta3-icons-left tm-vc_cta3-actions-no\"><div class=\"tm-vc_cta3-icons tm-wrap-cell\"><div class=\"tm-vc_icon_element tm-vc_icon_element-outer tm-vc_icon_element-align-left \"><div class=\"tm-vc_icon_element-inner  tm-vc_icon_element-color-skincolor tm-vc_icon_element-size-md tm-vc_icon_element-style-none tm-vc_icon_element-background-color-grey\" ><span class=\"tm-vc_icon_element-icon fa fa-chevron-right\" ><\/span><\/div><\/div><\/div><div class=\"tm-vc_cta3_content-container\"><div class=\"tm-vc_cta3-content\"><div class=\"tm-vc_cta3-content-header tm-wrap\"><div class=\"tm-vc_cta3-headers tm-wrap-cell\"><h2 class=\"tm-custom-heading \" >\u00ab PLANET JACKSON \u00bb<\/h2>\n<\/div><\/div><\/div><div class=\"tm-cta3-desc-btn-wrapper\"><div class=\"tm-cta3-description\"><div class=\"tm-cta3-content-wrapper\"><p>Un voyage \u00e0 travers le temps et l\u2019espace. Un jeune homme, fan de l\u2019univers du King of Pop, se lance dans une aventure extraordinaire. D\u00e9collage pour la \u00ab\u00a0Planet Jackson\u00a0\u00bb. Venez revivre la l\u00e9gende \u00e0 travers ses titres les plus connus. (Possibilit\u00e9 de retrouver ce spectacle en version Show Pro avec la pr\u00e9sence d\u2019un sosie, by BybArtist Talents*)<\/p><\/div><\/div><\/div><\/div><\/div><\/section><\/div>[vc_video link=&#8221;https:\/\/youtu.be\/LqAri1Fo24E&#8221;][vc_media_grid grid_id=&#8221;vc_gid:1611714649184-d0b3aea7-337b-3&#8243; include=&#8221;4986,4987,4988,4989,4990,4991&#8243;][\/vc_column][\/vc_row][vc_row][vc_column]<div class=\"tm-sbox tm-sbox-iconalign-left-spacing none tm-sbox-bgcolor-transparent tm-bgcolor-transparent tm-sbox-textcolor- tm-textcolor- tm-sbox-isize-md tm-sbox-isize-md tm-sbox-istyle-none  tm-sbox-heading-only\"><section class=\"tm-vc_cta3-container\"><div class=\"tm-vc_general tm-vc_cta3 tm-vc_cta3-align-left tm-vc_cta3-icon-size-md tm-vc_cta3-icons-left tm-vc_cta3-actions-no\"><div class=\"tm-vc_cta3-icons tm-wrap-cell\"><div class=\"tm-vc_icon_element tm-vc_icon_element-outer tm-vc_icon_element-align-left \"><div class=\"tm-vc_icon_element-inner  tm-vc_icon_element-color-skincolor tm-vc_icon_element-size-md tm-vc_icon_element-style-none tm-vc_icon_element-background-color-grey\" ><span class=\"tm-vc_icon_element-icon fa fa-chevron-right\" ><\/span><\/div><\/div><\/div><div class=\"tm-vc_cta3_content-container\"><div class=\"tm-vc_cta3-content\"><div class=\"tm-vc_cta3-content-header tm-wrap\"><div class=\"tm-vc_cta3-headers tm-wrap-cell\"><h2 class=\"tm-custom-heading \" >\u00ab LE MAGNIFIQUE \u00bb<\/h2>\n<\/div><\/div><\/div><div class=\"tm-cta3-desc-btn-wrapper\"><div class=\"tm-cta3-description\"><div class=\"tm-cta3-content-wrapper\"><p>Venez adh\u00e9rer \u00e0 la \u00ab\u00a0folie\u00a0\u00bb et embarquez dans les ann\u00e9es folles. Une \u00e9poque iconique propice au rel\u00e2chement des m\u0153urs et \u00e0 l\u2019essor du Jazz. Un univers mondain, paillet\u00e9, fascinant, fait de r\u00eaves absolus. Une histoire d\u2019amour, de pouvoir, une trag\u00e9die. \u00ab\u00a0Le Magnifique\u00a0\u00bb by Bybanim Events vous emm\u00e8ne danser le temps d\u2019un spectacle.<\/p><\/div><\/div><\/div><\/div><\/div><\/section><\/div>[vc_video link=&#8221;https:\/\/youtu.be\/Sbt5fS5FRM0&#8243;][vc_media_grid grid_id=&#8221;vc_gid:1611714649191-8e0ed4b5-24b4-6&#8243; include=&#8221;4992,4993,4994,4995,4996,4997&#8243;][\/vc_column][\/vc_row][vc_row][vc_column]<div class=\"tm-sbox tm-sbox-iconalign-left-spacing none tm-sbox-bgcolor-transparent tm-bgcolor-transparent tm-sbox-textcolor- tm-textcolor- tm-sbox-isize-md tm-sbox-isize-md tm-sbox-istyle-none  tm-sbox-heading-only\"><section class=\"tm-vc_cta3-container\"><div class=\"tm-vc_general tm-vc_cta3 tm-vc_cta3-align-left tm-vc_cta3-icon-size-md tm-vc_cta3-icons-left tm-vc_cta3-actions-no\"><div class=\"tm-vc_cta3-icons tm-wrap-cell\"><div class=\"tm-vc_icon_element tm-vc_icon_element-outer tm-vc_icon_element-align-left \"><div class=\"tm-vc_icon_element-inner  tm-vc_icon_element-color-skincolor tm-vc_icon_element-size-md tm-vc_icon_element-style-none tm-vc_icon_element-background-color-grey\" ><span class=\"tm-vc_icon_element-icon fa fa-chevron-right\" ><\/span><\/div><\/div><\/div><div class=\"tm-vc_cta3_content-container\"><div class=\"tm-vc_cta3-content\"><div class=\"tm-vc_cta3-content-header tm-wrap\"><div class=\"tm-vc_cta3-headers tm-wrap-cell\"><h2 class=\"tm-custom-heading \" >\u00ab LE MOULIN ROUGE \u00bb<\/h2>\n<\/div><\/div><\/div><div class=\"tm-cta3-desc-btn-wrapper\"><div class=\"tm-cta3-description\"><div class=\"tm-cta3-content-wrapper\"><p>Bienvenue dans le Paris de la fin du XIX\u00e8me si\u00e8cle\u00a0! Un jeune homme arrive dans la capitale et s\u2019y installe. Une ville splendide, \u00e9tincelante o\u00f9 se m\u00eale amour et French Cancan. En cr\u00e9ant un spectacle prodigieux, ce jeune artiste va tomber amoureux de la star de son Cabaret, Satine, le diamant \u00e9tincelant. Une aventure extraordinaire et \u00e9mouvante. Une com\u00e9die musicale tout droit sortie des ann\u00e9es 1900, qui berce une histoire d\u2019amour tragique. Laissez la magie op\u00e9rer.<\/p><\/div><\/div><\/div><\/div><\/div><\/section><\/div>[vc_video link=&#8221;https:\/\/youtu.be\/WVmUTIJsksM&#8221;][vc_media_grid grid_id=&#8221;vc_gid:1611714649197-98208673-f3ba-2&#8243; include=&#8221;4998,4999,5000,5001,5002,5003&#8243;][\/vc_column][\/vc_row][vc_row][vc_column]<div class=\"tm-sbox tm-sbox-iconalign-left-spacing none tm-sbox-bgcolor-transparent tm-bgcolor-transparent tm-sbox-textcolor- tm-textcolor- tm-sbox-isize-md tm-sbox-isize-md tm-sbox-istyle-none  tm-sbox-heading-only\"><section class=\"tm-vc_cta3-container\"><div class=\"tm-vc_general tm-vc_cta3 tm-vc_cta3-align-left tm-vc_cta3-icon-size-md tm-vc_cta3-icons-left tm-vc_cta3-actions-no\"><div class=\"tm-vc_cta3-icons tm-wrap-cell\"><div class=\"tm-vc_icon_element tm-vc_icon_element-outer tm-vc_icon_element-align-left \"><div class=\"tm-vc_icon_element-inner  tm-vc_icon_element-color-skincolor tm-vc_icon_element-size-md tm-vc_icon_element-style-none tm-vc_icon_element-background-color-grey\" ><span class=\"tm-vc_icon_element-icon fa fa-chevron-right\" ><\/span><\/div><\/div><\/div><div class=\"tm-vc_cta3_content-container\"><div class=\"tm-vc_cta3-content\"><div class=\"tm-vc_cta3-content-header tm-wrap\"><div class=\"tm-vc_cta3-headers tm-wrap-cell\"><h2 class=\"tm-custom-heading \" >\u00ab WESTWOOD \u00bb<\/h2>\n<\/div><\/div><\/div><div class=\"tm-cta3-desc-btn-wrapper\"><div class=\"tm-cta3-description\"><div class=\"tm-cta3-content-wrapper\"><p>Lors de la conqu\u00eate de l\u2019Ouest, un jeune soldat est envoy\u00e9 dans les plaines de l\u2019Am\u00e9rique. Il devrait veiller \u00e0 l\u2019ordre d\u2019une petite ville \u00e0 l\u2019heure d\u2019une grande ru\u00e9e vers l\u2019or. L\u00e0-bas, sa vie sera boulevers\u00e9e \u00e0 jamais. Bybanim Events vous propose une cr\u00e9ation qui redonne foi en l\u2019amiti\u00e9, aux diff\u00e9rences qui nous rendent plus fort et en l\u2019amour. Venez voyager \u00e0 travers les terres indiennes rythm\u00e9es par un choc des cultures frissonnant.<\/p><\/div><\/div><\/div><\/div><\/div><\/section><\/div>[vc_video link=&#8221;https:\/\/youtu.be\/N3HHvrRsNCY&#8221;][vc_media_grid grid_id=&#8221;vc_gid:1611714649202-760b7bdc-35ca-9&#8243; include=&#8221;5004,5005,5006,5007,5008,5009&#8243;][\/vc_column][\/vc_row][vc_row][vc_column]<div class=\"tm-sbox tm-sbox-iconalign-left-spacing none tm-sbox-bgcolor-transparent tm-bgcolor-transparent tm-sbox-textcolor- tm-textcolor- tm-sbox-isize-md tm-sbox-isize-md tm-sbox-istyle-none  tm-sbox-heading-only\"><section class=\"tm-vc_cta3-container\"><div class=\"tm-vc_general tm-vc_cta3 tm-vc_cta3-align-left tm-vc_cta3-icon-size-md tm-vc_cta3-icons-left tm-vc_cta3-actions-no\"><div class=\"tm-vc_cta3-icons tm-wrap-cell\"><div class=\"tm-vc_icon_element tm-vc_icon_element-outer tm-vc_icon_element-align-left \"><div class=\"tm-vc_icon_element-inner  tm-vc_icon_element-color-skincolor tm-vc_icon_element-size-md tm-vc_icon_element-style-none tm-vc_icon_element-background-color-grey\" ><span class=\"tm-vc_icon_element-icon fa fa-chevron-right\" ><\/span><\/div><\/div><\/div><div class=\"tm-vc_cta3_content-container\"><div class=\"tm-vc_cta3-content\"><div class=\"tm-vc_cta3-content-header tm-wrap\"><div class=\"tm-vc_cta3-headers tm-wrap-cell\"><h2 class=\"tm-custom-heading \" >\u00ab VINTAGE \u00bb<\/h2>\n<\/div><\/div><\/div><div class=\"tm-cta3-desc-btn-wrapper\"><div class=\"tm-cta3-description\"><div class=\"tm-cta3-content-wrapper\"><p>Un show m\u00e9lancolique scand\u00e9 par les titres d\u2019Elvis Presley, Lalaland et HairSpray. Vintage vous emm\u00e8ne dans les plus belles ann\u00e9es des studios hollywoodiens. Plongez instantan\u00e9ment dans les ann\u00e9es 60, avec des chor\u00e9graphies et des costumes rock\u2019n\u2019roll.<\/p><\/div><\/div><\/div><\/div><\/div><\/section><\/div>[vc_video link=&#8221;https:\/\/youtu.be\/09uNCsX30Fs&#8221;][vc_media_grid grid_id=&#8221;vc_gid:1611714649213-f38b2fb9-d47b-7&#8243; include=&#8221;5010,5011,5012,5013,5014&#8243;][\/vc_column][\/vc_row]<\/p>\n","protected":false},"excerpt":{"rendered":"<p>[vc_row][vc_column][\/vc_column][\/vc_row][vc_row][vc_column][vc_video link=&#8221;https:\/\/youtu.be\/okPRBEakA1k&#8221;][vc_media_grid grid_id=&#8221;vc_gid:1611714649159-f08525c4-c734-3&#8243; include=&#8221;4974,4975,4976,4977,4978,4979&#8243;][\/vc_column][\/vc_row][vc_row][vc_column][vc_video link=&#8221;https:\/\/youtu.be\/qcdcV_CbODk&#8221;][vc_media_grid grid_id=&#8221;vc_gid:1611714649173-198e96c7-4c37-8&#8243; include=&#8221;4980,4981,4982,4983,4984,4985&#8243;][\/vc_column][\/vc_row][vc_row][vc_column][vc_video link=&#8221;https:\/\/youtu.be\/LqAri1Fo24E&#8221;][vc_media_grid grid_id=&#8221;vc_gid:1611714649184-d0b3aea7-337b-3&#8243; include=&#8221;4986,4987,4988,4989,4990,4991&#8243;][\/vc_column][\/vc_row][vc_row][vc_column][vc_video link=&#8221;https:\/\/youtu.be\/Sbt5fS5FRM0&#8243;][vc_media_grid grid_id=&#8221;vc_gid:1611714649191-8e0ed4b5-24b4-6&#8243; include=&#8221;4992,4993,4994,4995,4996,4997&#8243;][\/vc_column][\/vc_row][vc_row][vc_column][vc_video link=&#8221;https:\/\/youtu.be\/WVmUTIJsksM&#8221;][vc_media_grid grid_id=&#8221;vc_gid:1611714649197-98208673-f3ba-2&#8243; include=&#8221;4998,4999,5000,5001,5002,5003&#8243;][\/vc_column][\/vc_row][vc_row][vc_column][vc_video link=&#8221;https:\/\/youtu.be\/N3HHvrRsNCY&#8221;][vc_media_grid grid_id=&#8221;vc_gid:1611714649202-760b7bdc-35ca-9&#8243; include=&#8221;5004,5005,5006,5007,5008,5009&#8243;][\/vc_column][\/vc_row][vc_row][vc_column][vc_video link=&#8221;https:\/\/youtu.be\/09uNCsX30Fs&#8221;][vc_media_grid grid_id=&#8221;vc_gid:1611714649213-f38b2fb9-d47b-7&#8243; include=&#8221;5010,5011,5012,5013,5014&#8243;][\/vc_column][\/vc_row]<\/p>\n","protected":false},"author":1,"featured_media":0,"parent":0,"menu_order":0,"comment_status":"closed","ping_status":"closed","template":"","meta":[],"_links":{"self":[{"href":"https:\/\/bybanim-events.com\/index.php\/wp-json\/wp\/v2\/pages\/4742"}],"collection":[{"href":"https:\/\/bybanim-events.com\/index.php\/wp-json\/wp\/v2\/pages"}],"about":[{"href":"https:\/\/bybanim-events.com\/index.php\/wp-json\/wp\/v2\/types\/page"}],"author":[{"embeddable":true,"href":"https:\/\/bybanim-events.com\/index.php\/wp-json\/wp\/v2\/users\/1"}],"replies":[{"embeddable":true,"href":"https:\/\/bybanim-events.com\/index.php\/wp-json\/wp\/v2\/comments?post=4742"}],"version-history":[{"count":27,"href":"https:\/\/bybanim-events.com\/index.php\/wp-json\/wp\/v2\/pages\/4742\/revisions"}],"predecessor-version":[{"id":5279,"href":"https:\/\/bybanim-events.com\/index.php\/wp-json\/wp\/v2\/pages\/4742\/revisions\/5279"}],"wp:attachment":[{"href":"https:\/\/bybanim-events.com\/index.php\/wp-json\/wp\/v2\/media?parent=4742"}],"curies":[{"name":"wp","href":"https:\/\/api.w.org\/{rel}","templated":true}]}}